{"id":6623,"date":"2023-05-27T13:24:01","date_gmt":"2023-05-27T13:24:01","guid":{"rendered":"https:\/\/naturliebeharz.gaeste-mappe.com\/?page_id=6623"},"modified":"2026-04-08T17:34:56","modified_gmt":"2026-04-08T17:34:56","slug":"mobility","status":"publish","type":"page","link":"https:\/\/beimblitz.gaeste-mappe.de\/en\/mobilitaet\/","title":{"rendered":"Mobility"},"content":{"rendered":"<div data-elementor-type=\"wp-page\" data-elementor-id=\"6623\" class=\"elementor elementor-6623\" data-elementor-post-type=\"page\">\n\t\t\t\t\t\t<section class=\"elementor-section elementor-top-section elementor-element elementor-element-56542d35 elementor-section-boxed elementor-section-height-default elementor-section-height-default\" data-id=\"56542d35\" data-element_type=\"section\" data-e-type=\"section\" data-settings=\"{&quot;background_background&quot;:&quot;classic&quot;}\">\n\t\t\t\t\t\t<div class=\"elementor-container elementor-column-gap-default\">\n\t\t\t\t\t<div class=\"elementor-column elementor-col-100 elementor-top-column elementor-element elementor-element-7948b7df\" data-id=\"7948b7df\" data-element_type=\"column\" data-e-type=\"column\">\n\t\t\t<div class=\"elementor-widget-wrap elementor-element-populated\">\n\t\t\t\t\t\t<div class=\"elementor-element elementor-element-6dc74b20 kopf elementor-icon-list--layout-traditional elementor-list-item-link-full_width elementor-widget elementor-widget-icon-list\" data-id=\"6dc74b20\" data-element_type=\"widget\" data-e-type=\"widget\" data-widget_type=\"icon-list.default\">\n\t\t\t\t<div class=\"elementor-widget-container\">\n\t\t\t\t\t\t\t<ul class=\"elementor-icon-list-items\">\n\t\t\t\t\t\t\t<li class=\"elementor-icon-list-item\">\n\t\t\t\t\t\t\t\t\t\t\t<span class=\"elementor-icon-list-icon\">\n\t\t\t\t\t\t\t<i aria-hidden=\"true\" class=\"fas fa-bus\"><\/i>\t\t\t\t\t\t<\/span>\n\t\t\t\t\t\t\t\t\t\t<span class=\"elementor-icon-list-text\">Mobility<\/span>\n\t\t\t\t\t\t\t\t\t<\/li>\n\t\t\t\t\t\t<\/ul>\n\t\t\t\t\t\t<\/div>\n\t\t\t\t<\/div>\n\t\t\t\t\t<\/div>\n\t\t<\/div>\n\t\t\t\t\t<\/div>\n\t\t<\/section>\n\t\t\t\t<section class=\"elementor-section elementor-top-section elementor-element elementor-element-641f901 elementor-section-boxed elementor-section-height-default elementor-section-height-default\" data-id=\"641f901\" data-element_type=\"section\" data-e-type=\"section\">\n\t\t\t\t\t\t<div class=\"elementor-container elementor-column-gap-default\">\n\t\t\t\t\t<div class=\"elementor-column elementor-col-100 elementor-top-column elementor-element elementor-element-a3ceebf\" data-id=\"a3ceebf\" data-element_type=\"column\" data-e-type=\"column\">\n\t\t\t<div class=\"elementor-widget-wrap elementor-element-populated\">\n\t\t\t\t\t\t<div class=\"elementor-element elementor-element-4e2f0f1 elementor-icon-list--layout-traditional elementor-list-item-link-full_width elementor-widget elementor-widget-icon-list\" data-id=\"4e2f0f1\" data-element_type=\"widget\" data-e-type=\"widget\" data-widget_type=\"icon-list.default\">\n\t\t\t\t<div class=\"elementor-widget-container\">\n\t\t\t\t\t\t\t<ul class=\"elementor-icon-list-items\">\n\t\t\t\t\t\t\t<li class=\"elementor-icon-list-item\">\n\t\t\t\t\t\t\t\t\t\t\t<span class=\"elementor-icon-list-icon\">\n\t\t\t\t\t\t\t<svg xmlns=\"http:\/\/www.w3.org\/2000\/svg\" id=\"Layer_1\" data-name=\"Layer 1\" viewbox=\"0 0 1000 1000\"><path d=\"M729.49,321.09V432.84a97.47,97.47,0,0,1-97.36,97.36H368a37,37,0,0,0-36.94,37V678.91a37,37,0,0,0,36.94,37H613.61A153.07,153.07,0,0,0,610.77,740c-.08,1.9-.12,3.93-.12,6s0,4.11.11,6a154.32,154.32,0,0,0,2.85,24.24H368a97.46,97.46,0,0,1-97.35-97.35V567.16A97.46,97.46,0,0,1,368,469.8H632.13a37,37,0,0,0,37-37V321.09a37,37,0,0,0-37-36.94H389.35V223.74H632.13A97.47,97.47,0,0,1,729.49,321.09Z\"><\/path><path d=\"M765.32,611.38A134.51,134.51,0,0,0,630.75,740.85c-.07,1.72-.1,3.47-.1,5.21s0,3.48.1,5.2A134.68,134.68,0,1,0,765.32,611.38Zm83.43,102.14-89.83,89.83a17.49,17.49,0,0,1-24.75,0l-52.28-52.27a17.5,17.5,0,0,1,24.75-24.75l39.9,39.9L824,688.77a17.5,17.5,0,0,1,24.75,24.75Z\"><\/path><path d=\"M344.77,119.27H124.58A24.58,24.58,0,0,0,100,143.85V364a24.59,24.59,0,0,0,24.58,24.59H344.77A24.59,24.59,0,0,0,369.35,364V143.85A24.58,24.58,0,0,0,344.77,119.27ZM198.11,192.72a37.21,37.21,0,0,1,37.2-37.2h.22a37.2,37.2,0,0,1,37.19,37.2v5.53a37.19,37.19,0,0,1-37.19,37.19h-.22a37.2,37.2,0,0,1-37.2-37.19Zm-46.68,165.9,4.88-53.8c2.42-26.65,28-47.2,58.69-47.2h39.35c30.72,0,56.27,20.55,58.69,47.2l4.88,53.8Z\"><\/path><\/svg>\t\t\t\t\t\t<\/span>\n\t\t\t\t\t\t\t\t\t\t<span class=\"elementor-icon-list-text\">Mobility around Schwangau - free of charge with bus &amp; guest card<\/span>\n\t\t\t\t\t\t\t\t\t<\/li>\n\t\t\t\t\t\t<\/ul>\n\t\t\t\t\t\t<\/div>\n\t\t\t\t<\/div>\n\t\t\t\t\t<\/div>\n\t\t<\/div>\n\t\t\t\t\t<\/div>\n\t\t<\/section>\n\t\t\t\t<section class=\"elementor-section elementor-top-section elementor-element elementor-element-fb97153 elementor-section-boxed elementor-section-height-default elementor-section-height-default\" data-id=\"fb97153\" data-element_type=\"section\" data-e-type=\"section\">\n\t\t\t\t\t\t<div class=\"elementor-container elementor-column-gap-default\">\n\t\t\t\t\t<div class=\"elementor-column elementor-col-100 elementor-top-column elementor-element elementor-element-e5a5b32\" data-id=\"e5a5b32\" data-element_type=\"column\" data-e-type=\"column\">\n\t\t\t<div class=\"elementor-widget-wrap elementor-element-populated\">\n\t\t\t\t\t\t<div class=\"elementor-element elementor-element-c026157 elementor-widget elementor-widget-image\" data-id=\"c026157\" data-element_type=\"widget\" data-e-type=\"widget\" data-widget_type=\"image.default\">\n\t\t\t\t<div class=\"elementor-widget-container\">\n\t\t\t\t\t\t\t\t\t\t\t\t\t\t\t<img fetchpriority=\"high\" decoding=\"async\" width=\"1160\" height=\"514\" src=\"https:\/\/beimblitz.gaeste-mappe.de\/wp-content\/uploads\/2025\/12\/mobil.jpg\" class=\"attachment-full size-full wp-image-14877\" alt=\"\" srcset=\"https:\/\/beimblitz.gaeste-mappe.de\/wp-content\/uploads\/2025\/12\/mobil.jpg 1160w, https:\/\/beimblitz.gaeste-mappe.de\/wp-content\/uploads\/2025\/12\/mobil-300x133.jpg 300w, https:\/\/beimblitz.gaeste-mappe.de\/wp-content\/uploads\/2025\/12\/mobil-1024x454.jpg 1024w, https:\/\/beimblitz.gaeste-mappe.de\/wp-content\/uploads\/2025\/12\/mobil-768x340.jpg 768w, https:\/\/beimblitz.gaeste-mappe.de\/wp-content\/uploads\/2025\/12\/mobil-18x8.jpg 18w\" sizes=\"(max-width: 1160px) 100vw, 1160px\" \/>\t\t\t\t\t\t\t\t\t\t\t\t\t\t\t<\/div>\n\t\t\t\t<\/div>\n\t\t\t\t\t<\/div>\n\t\t<\/div>\n\t\t\t\t\t<\/div>\n\t\t<\/section>\n\t\t\t\t<section class=\"elementor-section elementor-top-section elementor-element elementor-element-90f663b elementor-section-boxed elementor-section-height-default elementor-section-height-default\" data-id=\"90f663b\" data-element_type=\"section\" data-e-type=\"section\">\n\t\t\t\t\t\t<div class=\"elementor-container elementor-column-gap-default\">\n\t\t\t\t\t<div class=\"elementor-column elementor-col-100 elementor-top-column elementor-element elementor-element-bcbfd85\" data-id=\"bcbfd85\" data-element_type=\"column\" data-e-type=\"column\">\n\t\t\t<div class=\"elementor-widget-wrap elementor-element-populated\">\n\t\t\t\t\t\t<div class=\"elementor-element elementor-element-8624d55 elementor-widget elementor-widget-text-editor\" data-id=\"8624d55\" data-element_type=\"widget\" data-e-type=\"widget\" data-widget_type=\"text-editor.default\">\n\t\t\t\t<div class=\"elementor-widget-container\">\n\t\t\t\t\t\t\t\t\t<p class=\"translation-block\">During your stay, you can use public transport in the **southern Ostallg\u00e4u region conveniently and <strong>free of charge<\/strong> - without the need for a car. With your <a href=\"https:\/\/beimblitz.gaeste-mappe.de\/en\/guest-card\/\" target=\"_self\"><strong><span style=\"text-decoration: underline\">guest card<\/span><\/strong><\/a>, you can travel for free on buses and trains within the allg\u00e4umobil network from the first to the last day of your holiday.<\/p><p class=\"translation-block\"><strong>Your bus stop<\/strong> is located <strong>in the immediate vicinity<\/strong> of the holiday accommodation. From there, the <strong>73<\/strong> and <strong>78<\/strong> lines regularly serve the most important places and sights in the area:<\/p><ul><li class=\"translation-block\"><strong>Line 73:<\/strong> Connection between <strong>F\u00fcssen<\/strong>, Schwangau, Halblech and Steingaden.<\/li><li class=\"translation-block\"><strong>Line 78:<\/strong> Connects <strong>F\u00fcssen - Schwangau - Hohenschwangau - Tegelbergbahn<\/strong> and back again.<\/li><\/ul><p class=\"translation-block\">These bus routes not only take you comfortably to the train station or the centre of F\u00fcssen, but also to excursion destinations such as the <a href=\"https:\/\/beimblitz.gaeste-mappe.de\/en\/locks\/\" target=\"_self\"><span style=\"text-decoration: underline\">K\u00f6nigsschl\u00f6ssern<\/span><\/a> or the Tegelberg.<\/p><p class=\"translation-block\">Thanks to the guest card, you can use the bus <strong>for as many journeys as you like<\/strong> during your stay - ideal for discovering the region <strong>environmentally friendly, stress-free and without having to search for a parking space<\/strong>.<\/p><p>Bus timetables and routes can be found online or at the local bus stops.<\/p><p class=\"translation-block\">Further information and timetables can be found at the following <a href=\"https:\/\/www.schlosspark.de\/urlaub-planen\/wissenswertes\/allgaeumobil\" target=\"_blank\" rel=\"noopener\"><span style=\"text-decoration: underline\">link<\/span><\/a>.<\/p>\t\t\t\t\t\t\t\t<\/div>\n\t\t\t\t<\/div>\n\t\t\t\t\t<\/div>\n\t\t<\/div>\n\t\t\t\t\t<\/div>\n\t\t<\/section>\n\t\t\t\t<\/div>","protected":false},"excerpt":{"rendered":"<p>Mobilit\u00e4t Mobilit\u00e4t rund um Schwangau \u2013 kostenlos mit Bus &amp; G\u00e4stekarte W\u00e4hrend Ihres Aufenthalts k\u00f6nnen Sie den \u00f6ffentlichen Nahverkehr im **s\u00fcdlichen Ostallg\u00e4u ganz bequem und kostenlos nutzen \u2013 ganz ohne Auto. Mit Ihrer G\u00e4stekarte fahren Sie im Rahmen des allg\u00e4umobil-Netzes frei mit Bus und Bahn vom ersten bis zum letzten Urlaubstag. Ihre Bushaltestelle befindet sich [&hellip;]<\/p>\n","protected":false},"author":2,"featured_media":0,"parent":0,"menu_order":0,"comment_status":"closed","ping_status":"closed","template":"","meta":{"site-sidebar-layout":"no-sidebar","site-content-layout":"page-builder","ast-site-content-layout":"default","site-content-style":"default","site-sidebar-style":"default","ast-global-header-display":"","ast-banner-title-visibility":"","ast-main-header-display":"","ast-hfb-above-header-display":"","ast-hfb-below-header-display":"","ast-hfb-mobile-header-display":"","site-post-title":"disabled","ast-breadcrumbs-content":"","ast-featured-img":"disabled","footer-sml-layout":"","ast-disable-related-posts":"","theme-transparent-header-meta":"","adv-header-id-meta":"","stick-header-meta":"","header-above-stick-meta":"","header-main-stick-meta":"","header-below-stick-meta":"","astra-migrate-meta-layouts":"default","ast-page-background-enabled":"default","ast-page-background-meta":{"desktop":{"background-color":"var(--ast-global-color-4)","background-image":"","background-repeat":"repeat","background-position":"center center","background-size":"auto","background-attachment":"scroll","background-type":"","background-media":"","overlay-type":"","overlay-color":"","overlay-opacity":"","overlay-gradient":""},"tablet":{"background-color":"","background-image":"","background-repeat":"repeat","background-position":"center center","background-size":"auto","background-attachment":"scroll","background-type":"","background-media":"","overlay-type":"","overlay-color":"","overlay-opacity":"","overlay-gradient":""},"mobile":{"background-color":"","background-image":"","background-repeat":"repeat","background-position":"center center","background-size":"auto","background-attachment":"scroll","background-type":"","background-media":"","overlay-type":"","overlay-color":"","overlay-opacity":"","overlay-gradient":""}},"ast-content-background-meta":{"desktop":{"background-color":"var(--ast-global-color-5)","background-image":"","background-repeat":"repeat","background-position":"center center","background-size":"auto","background-attachment":"scroll","background-type":"","background-media":"","overlay-type":"","overlay-color":"","overlay-opacity":"","overlay-gradient":""},"tablet":{"background-color":"var(--ast-global-color-5)","background-image":"","background-repeat":"repeat","background-position":"center center","background-size":"auto","background-attachment":"scroll","background-type":"","background-media":"","overlay-type":"","overlay-color":"","overlay-opacity":"","overlay-gradient":""},"mobile":{"background-color":"var(--ast-global-color-5)","background-image":"","background-repeat":"repeat","background-position":"center center","background-size":"auto","background-attachment":"scroll","background-type":"","background-media":"","overlay-type":"","overlay-color":"","overlay-opacity":"","overlay-gradient":""}},"_jet_sm_ready_style":"","_jet_sm_style":"","_jet_sm_controls_values":"","_jet_sm_fonts_collection":"","_jet_sm_fonts_links":"","footnotes":""},"class_list":["post-6623","page","type-page","status-publish","hentry"],"_links":{"self":[{"href":"https:\/\/beimblitz.gaeste-mappe.de\/en\/wp-json\/wp\/v2\/pages\/6623","targetHints":{"allow":["GET"]}}],"collection":[{"href":"https:\/\/beimblitz.gaeste-mappe.de\/en\/wp-json\/wp\/v2\/pages"}],"about":[{"href":"https:\/\/beimblitz.gaeste-mappe.de\/en\/wp-json\/wp\/v2\/types\/page"}],"author":[{"embeddable":true,"href":"https:\/\/beimblitz.gaeste-mappe.de\/en\/wp-json\/wp\/v2\/users\/2"}],"replies":[{"embeddable":true,"href":"https:\/\/beimblitz.gaeste-mappe.de\/en\/wp-json\/wp\/v2\/comments?post=6623"}],"version-history":[{"count":9,"href":"https:\/\/beimblitz.gaeste-mappe.de\/en\/wp-json\/wp\/v2\/pages\/6623\/revisions"}],"predecessor-version":[{"id":16419,"href":"https:\/\/beimblitz.gaeste-mappe.de\/en\/wp-json\/wp\/v2\/pages\/6623\/revisions\/16419"}],"wp:attachment":[{"href":"https:\/\/beimblitz.gaeste-mappe.de\/en\/wp-json\/wp\/v2\/media?parent=6623"}],"curies":[{"name":"wp","href":"https:\/\/api.w.org\/{rel}","templated":true}]}}