{"id":16267,"date":"2026-03-11T08:25:31","date_gmt":"2026-03-11T08:25:31","guid":{"rendered":"https:\/\/beimblitz.gaeste-mappe.de\/?page_id=16267"},"modified":"2026-04-27T18:38:44","modified_gmt":"2026-04-27T18:38:44","slug":"magazines-and-newspapers","status":"publish","type":"page","link":"https:\/\/beimblitz.gaeste-mappe.de\/en\/magazine-und-zeitungen\/","title":{"rendered":"Magazines &amp; Newspapers"},"content":{"rendered":"<div data-elementor-type=\"wp-page\" data-elementor-id=\"16267\" class=\"elementor elementor-16267\" data-elementor-post-type=\"page\">\n\t\t\t\t\t\t<section class=\"elementor-section elementor-top-section elementor-element elementor-element-4d5ad368 elementor-section-boxed elementor-section-height-default elementor-section-height-default\" data-id=\"4d5ad368\" data-element_type=\"section\" data-e-type=\"section\" data-settings=\"{&quot;background_background&quot;:&quot;classic&quot;}\">\n\t\t\t\t\t\t<div class=\"elementor-container elementor-column-gap-default\">\n\t\t\t\t\t<div class=\"elementor-column elementor-col-100 elementor-top-column elementor-element elementor-element-ba981dc\" data-id=\"ba981dc\" data-element_type=\"column\" data-e-type=\"column\">\n\t\t\t<div class=\"elementor-widget-wrap elementor-element-populated\">\n\t\t\t\t\t\t<div class=\"elementor-element elementor-element-2a159ae kopf elementor-icon-list--layout-traditional elementor-list-item-link-full_width elementor-widget elementor-widget-icon-list\" data-id=\"2a159ae\" data-element_type=\"widget\" data-e-type=\"widget\" data-widget_type=\"icon-list.default\">\n\t\t\t\t<div class=\"elementor-widget-container\">\n\t\t\t\t\t\t\t<ul class=\"elementor-icon-list-items\">\n\t\t\t\t\t\t\t<li class=\"elementor-icon-list-item\">\n\t\t\t\t\t\t\t\t\t\t\t<span class=\"elementor-icon-list-icon\">\n\t\t\t\t\t\t\t<svg xmlns=\"http:\/\/www.w3.org\/2000\/svg\" clip-rule=\"evenodd\" fill-rule=\"evenodd\" height=\"512\" image-rendering=\"optimizeQuality\" shape-rendering=\"geometricPrecision\" text-rendering=\"geometricPrecision\" viewbox=\"0 0 1707 1707\" width=\"512\"><g id=\"Layer_x0020_1\"><g id=\"_520497808\"><path d=\"m502 181h1120c11 0 20 9 20 20v1295h-69-1013c-25 0-48-18-55-42 0-3-1-4-1-5v-1-1h-1v-1-1-1-1-1-1-1-1-1-1-8-1-1-1-1-1-1-1-1221c0-6 0-13-1-20zm907 1198h-753c-11 0-20-9-20-20s9-20 20-20h753c11 0 20 9 20 20s-9 20-20 20zm0-124h-753c-11 0-20-9-20-20s9-20 20-20h753c11 0 20 9 20 20s-9 20-20 20zm-404-124h-349c-11 0-20-9-20-20s9-20 20-20h349c11 0 20 9 20 20s-9 20-20 20zm0-125h-349c-11 0-20-9-20-20s9-20 20-20h349c11 0 20 9 20 20s-9 20-20 20zm0-124h-349c-11 0-20-9-20-20s9-20 20-20h349c11 0 20 9 20 20s-9 20-20 20zm404-124h-753c-11 0-20-9-20-20s9-20 20-20h753c11 0 20 9 20 20s-9 20-20 20zm0-124h-753c-11 0-20-9-20-20v-216c0-11 9-20 20-20h753c11 0 20 9 20 20v216c0 11-9 20-20 20zm0 497h-280c-11 0-20-9-20-20v-249c0-11 9-20 20-20h280c11 0 20 9 20 20v249c0 11-9 20-20 20z\"><\/path><path d=\"m66 1298v-1097c-1-53 19-104 57-142s88-59 141-59c54 0 104 21 142 59 37 38 58 89 57 142v1108c-41-63-110-102-195-107-74-5-144 22-191 81-4 5-8 10-11 15zm198-180c-11 0-20-9-20-20v-909c0-11 9-20 20-20s20 9 20 20v909c0 11-9 20-20 20z\"><\/path><path d=\"m542 1707c-158 0-430-29-472-225-14-64 0-127 38-174s94-71 158-67c108 8 181 75 197 182v3c0 20 1 31 3 35 0 1 0 2 1 3 11 42 50 72 93 72h1013c11 0 20 8 20 18l7 116c1 5-1 11-5 15s-9 6-15 6c-192 0-391 4-583 8-147 3-298 6-444 8z\"><\/path><\/g><\/g><\/svg>\t\t\t\t\t\t<\/span>\n\t\t\t\t\t\t\t\t\t\t<span class=\"elementor-icon-list-text\">Magazines &amp; Newspapers<\/span>\n\t\t\t\t\t\t\t\t\t<\/li>\n\t\t\t\t\t\t<\/ul>\n\t\t\t\t\t\t<\/div>\n\t\t\t\t<\/div>\n\t\t\t\t\t<\/div>\n\t\t<\/div>\n\t\t\t\t\t<\/div>\n\t\t<\/section>\n\t\t\t\t<section class=\"elementor-section elementor-top-section elementor-element elementor-element-20d0ab7 elementor-section-boxed elementor-section-height-default elementor-section-height-default\" data-id=\"20d0ab7\" data-element_type=\"section\" data-e-type=\"section\">\n\t\t\t\t\t\t<div class=\"elementor-container elementor-column-gap-default\">\n\t\t\t\t\t<div class=\"elementor-column elementor-col-100 elementor-top-column elementor-element elementor-element-177410ad\" data-id=\"177410ad\" data-element_type=\"column\" data-e-type=\"column\">\n\t\t\t<div class=\"elementor-widget-wrap elementor-element-populated\">\n\t\t\t\t\t\t<div class=\"elementor-element elementor-element-557b31a1 elementor-icon-list--layout-traditional elementor-list-item-link-full_width elementor-widget elementor-widget-icon-list\" data-id=\"557b31a1\" data-element_type=\"widget\" data-e-type=\"widget\" data-widget_type=\"icon-list.default\">\n\t\t\t\t<div class=\"elementor-widget-container\">\n\t\t\t\t\t\t\t<ul class=\"elementor-icon-list-items\">\n\t\t\t\t\t\t\t<li class=\"elementor-icon-list-item\">\n\t\t\t\t\t\t\t\t\t\t\t<span class=\"elementor-icon-list-icon\">\n\t\t\t\t\t\t\t<svg xmlns=\"http:\/\/www.w3.org\/2000\/svg\" height=\"512\" viewbox=\"0 0 128 128\" width=\"512\"><g><path d=\"m7.303 27.546h56.697v72.909h-56.697z\" fill=\"#fff5f5\"><\/path><path d=\"m64 27.546h56.697v72.909h-56.697z\" fill=\"#fff5f5\"><\/path><path d=\"m14.364 35.091h14.864v14.864h-14.864z\" fill=\"#ffd18b\"><\/path><path d=\"m36.288 57.386h20.651v36.523h-20.651z\" fill=\"#add3d8\"><\/path><path d=\"m71.061 35.091h42.576v19.167h-42.576z\" fill=\"#70dd59\"><\/path><\/g><g><path d=\"m120.7 25.8h-80.64a1.75 1.75 0 0 0 0 3.5h22.19v69.4h-53.2v-69.4h20.18a1.75 1.75 0 0 0 0-3.5h-21.93a1.749 1.749 0 0 0 -1.75 1.75v72.9a1.749 1.749 0 0 0 1.75 1.75h66.44a1.75 1.75 0 0 0 0-3.5h-7.99v-69.4h53.2v69.4h-7.24a1.75 1.75 0 0 0 0 3.5h8.99a1.75 1.75 0 0 0 1.75-1.75v-72.9a1.75 1.75 0 0 0 -1.75-1.75z\"><\/path><path d=\"m100.88 98.7h-16.3a1.75 1.75 0 0 0 0 3.5h16.3a1.75 1.75 0 0 0 0-3.5z\"><\/path><path d=\"m30.977 49.954v-14.863a1.75 1.75 0 0 0 -1.75-1.75h-14.863a1.749 1.749 0 0 0 -1.75 1.75v14.863a1.749 1.749 0 0 0 1.75 1.75h14.863a1.75 1.75 0 0 0 1.75-1.75zm-3.5-1.75h-11.363v-11.363h11.363z\"><\/path><path d=\"m36.288 95.659h20.651a1.749 1.749 0 0 0 1.75-1.75v-36.522a1.749 1.749 0 0 0 -1.75-1.75h-20.651a1.75 1.75 0 0 0 -1.75 1.75v36.522a1.75 1.75 0 0 0 1.75 1.75zm1.75-36.522h17.151v33.022h-17.151z\"><\/path><path d=\"m115.386 54.258v-19.167a1.75 1.75 0 0 0 -1.75-1.75h-42.576a1.75 1.75 0 0 0 -1.75 1.75v19.167a1.75 1.75 0 0 0 1.75 1.75h42.576a1.75 1.75 0 0 0 1.75-1.75zm-3.5-1.75h-39.076v-15.667h39.076z\"><\/path><path d=\"m39.03 36.841h15.17a1.75 1.75 0 0 0 0-3.5h-15.17a1.75 1.75 0 0 0 0 3.5z\"><\/path><path d=\"m39.03 44.272h15.17a1.75 1.75 0 0 0 0-3.5h-15.17a1.75 1.75 0 0 0 0 3.5z\"><\/path><path d=\"m39.03 51.7h15.17a1.75 1.75 0 0 0 0-3.5h-15.17a1.75 1.75 0 0 0 0 3.5z\"><\/path><path d=\"m109 75.537h-33.3a1.75 1.75 0 0 0 0 3.5h33.3a1.75 1.75 0 0 0 0-3.5z\"><\/path><path d=\"m109 60.613h-33.3a1.75 1.75 0 0 0 0 3.5h33.3a1.75 1.75 0 0 0 0-3.5z\"><\/path><path d=\"m109 68.075h-33.3a1.75 1.75 0 0 0 0 3.5h33.3a1.75 1.75 0 0 0 0-3.5z\"><\/path><path d=\"m109 83h-33.3a1.75 1.75 0 0 0 0 3.5h33.3a1.75 1.75 0 0 0 0-3.5z\"><\/path><path d=\"m110.75 92.21a1.75 1.75 0 0 0 -1.75-1.75h-33.3a1.75 1.75 0 0 0 0 3.5h33.3a1.75 1.75 0 0 0 1.75-1.75z\"><\/path><path d=\"m27.045 55.637h-11.954a1.75 1.75 0 1 0 0 3.5h11.954a1.75 1.75 0 0 0 0-3.5z\"><\/path><path d=\"m27.045 64.767h-11.954a1.75 1.75 0 1 0 0 3.5h11.954a1.75 1.75 0 0 0 0-3.5z\"><\/path><path d=\"m27.045 73.9h-11.954a1.75 1.75 0 1 0 0 3.5h11.954a1.75 1.75 0 0 0 0-3.5z\"><\/path><path d=\"m27.045 83.028h-11.954a1.75 1.75 0 1 0 0 3.5h11.954a1.75 1.75 0 0 0 0-3.5z\"><\/path><path d=\"m27.045 92.159h-11.954a1.75 1.75 0 1 0 0 3.5h11.954a1.75 1.75 0 0 0 0-3.5z\"><\/path><\/g><\/svg>\t\t\t\t\t\t<\/span>\n\t\t\t\t\t\t\t\t\t\t<span class=\"elementor-icon-list-text\">Read magazines &amp; newspapers free of charge<\/span>\n\t\t\t\t\t\t\t\t\t<\/li>\n\t\t\t\t\t\t<\/ul>\n\t\t\t\t\t\t<\/div>\n\t\t\t\t<\/div>\n\t\t\t\t\t<\/div>\n\t\t<\/div>\n\t\t\t\t\t<\/div>\n\t\t<\/section>\n\t\t\t\t<section class=\"elementor-section elementor-top-section elementor-element elementor-element-b3fe2d3 elementor-section-boxed elementor-section-height-default elementor-section-height-default\" data-id=\"b3fe2d3\" data-element_type=\"section\" data-e-type=\"section\">\n\t\t\t\t\t\t<div class=\"elementor-container elementor-column-gap-default\">\n\t\t\t\t\t<div class=\"elementor-column elementor-col-50 elementor-top-column elementor-element elementor-element-65c1921\" data-id=\"65c1921\" data-element_type=\"column\" data-e-type=\"column\">\n\t\t\t<div class=\"elementor-widget-wrap elementor-element-populated\">\n\t\t\t\t\t\t<div class=\"elementor-element elementor-element-23d1c94 elementor-widget elementor-widget-image\" data-id=\"23d1c94\" data-element_type=\"widget\" data-e-type=\"widget\" data-widget_type=\"image.default\">\n\t\t\t\t<div class=\"elementor-widget-container\">\n\t\t\t\t\t\t\t\t\t\t\t\t\t\t\t<img fetchpriority=\"high\" decoding=\"async\" width=\"800\" height=\"617\" src=\"https:\/\/beimblitz.gaeste-mappe.de\/wp-content\/uploads\/2026\/03\/magazine-ipad.jpg\" class=\"attachment-large size-large wp-image-16271\" alt=\"\" srcset=\"https:\/\/beimblitz.gaeste-mappe.de\/wp-content\/uploads\/2026\/03\/magazine-ipad.jpg 800w, https:\/\/beimblitz.gaeste-mappe.de\/wp-content\/uploads\/2026\/03\/magazine-ipad-300x231.jpg 300w, https:\/\/beimblitz.gaeste-mappe.de\/wp-content\/uploads\/2026\/03\/magazine-ipad-768x592.jpg 768w, https:\/\/beimblitz.gaeste-mappe.de\/wp-content\/uploads\/2026\/03\/magazine-ipad-16x12.jpg 16w\" sizes=\"(max-width: 800px) 100vw, 800px\" \/>\t\t\t\t\t\t\t\t\t\t\t\t\t\t\t<\/div>\n\t\t\t\t<\/div>\n\t\t\t\t\t<\/div>\n\t\t<\/div>\n\t\t\t\t<div class=\"elementor-column elementor-col-50 elementor-top-column elementor-element elementor-element-da01361\" data-id=\"da01361\" data-element_type=\"column\" data-e-type=\"column\">\n\t\t\t<div class=\"elementor-widget-wrap elementor-element-populated\">\n\t\t\t\t\t\t<div class=\"elementor-element elementor-element-798430a elementor-hidden-desktop elementor-hidden-tablet elementor-widget elementor-widget-image\" data-id=\"798430a\" data-element_type=\"widget\" data-e-type=\"widget\" data-widget_type=\"image.default\">\n\t\t\t\t<div class=\"elementor-widget-container\">\n\t\t\t\t\t\t\t\t\t\t\t\t\t\t\t<img decoding=\"async\" width=\"150\" height=\"150\" src=\"https:\/\/beimblitz.gaeste-mappe.de\/wp-content\/uploads\/2026\/03\/Logo_black-150x150.png\" class=\"attachment-thumbnail size-thumbnail wp-image-16272\" alt=\"\" srcset=\"https:\/\/beimblitz.gaeste-mappe.de\/wp-content\/uploads\/2026\/03\/Logo_black-150x150.png 150w, https:\/\/beimblitz.gaeste-mappe.de\/wp-content\/uploads\/2026\/03\/Logo_black-300x300.png 300w, https:\/\/beimblitz.gaeste-mappe.de\/wp-content\/uploads\/2026\/03\/Logo_black-12x12.png 12w, https:\/\/beimblitz.gaeste-mappe.de\/wp-content\/uploads\/2026\/03\/Logo_black.png 700w\" sizes=\"(max-width: 150px) 100vw, 150px\" \/>\t\t\t\t\t\t\t\t\t\t\t\t\t\t\t<\/div>\n\t\t\t\t<\/div>\n\t\t\t\t<div class=\"elementor-element elementor-element-17ea940 elementor-hidden-mobile elementor-widget elementor-widget-image\" data-id=\"17ea940\" data-element_type=\"widget\" data-e-type=\"widget\" data-widget_type=\"image.default\">\n\t\t\t\t<div class=\"elementor-widget-container\">\n\t\t\t\t\t\t\t\t\t\t\t\t\t\t\t<img decoding=\"async\" width=\"300\" height=\"300\" src=\"https:\/\/beimblitz.gaeste-mappe.de\/wp-content\/uploads\/2026\/03\/Logo_black-300x300.png\" class=\"attachment-medium size-medium wp-image-16272\" alt=\"\" srcset=\"https:\/\/beimblitz.gaeste-mappe.de\/wp-content\/uploads\/2026\/03\/Logo_black-300x300.png 300w, https:\/\/beimblitz.gaeste-mappe.de\/wp-content\/uploads\/2026\/03\/Logo_black-150x150.png 150w, https:\/\/beimblitz.gaeste-mappe.de\/wp-content\/uploads\/2026\/03\/Logo_black-12x12.png 12w, https:\/\/beimblitz.gaeste-mappe.de\/wp-content\/uploads\/2026\/03\/Logo_black.png 700w\" sizes=\"(max-width: 300px) 100vw, 300px\" \/>\t\t\t\t\t\t\t\t\t\t\t\t\t\t\t<\/div>\n\t\t\t\t<\/div>\n\t\t\t\t\t<\/div>\n\t\t<\/div>\n\t\t\t\t\t<\/div>\n\t\t<\/section>\n\t\t\t\t<section class=\"elementor-section elementor-top-section elementor-element elementor-element-1aba9f9b elementor-section-boxed elementor-section-height-default elementor-section-height-default\" data-id=\"1aba9f9b\" data-element_type=\"section\" data-e-type=\"section\">\n\t\t\t\t\t\t<div class=\"elementor-container elementor-column-gap-default\">\n\t\t\t\t\t<div class=\"elementor-column elementor-col-100 elementor-top-column elementor-element elementor-element-1c2db350\" data-id=\"1c2db350\" data-element_type=\"column\" data-e-type=\"column\">\n\t\t\t<div class=\"elementor-widget-wrap elementor-element-populated\">\n\t\t\t\t\t\t<div class=\"elementor-element elementor-element-438c968b elementor-widget elementor-widget-text-editor\" data-id=\"438c968b\" data-element_type=\"widget\" data-e-type=\"widget\" data-widget_type=\"text-editor.default\">\n\t\t\t\t<div class=\"elementor-widget-container\">\n\t\t\t\t\t\t\t\t\t<p data-start=\"45\" data-end=\"346\">During your stay, you have free access to a large selection of digital newspapers and magazines. Our service allows you to read numerous renowned national and international titles conveniently on your smartphone, tablet or laptop - without having to register or log in.<\/p><p data-start=\"348\" data-end=\"447\" class=\"translation-block\"><strong data-start=\"348\" data-end=\"360\">Important:<\/strong> For access to work, you must be connected to the accommodation's Wi-Fi.<\/p><p data-start=\"449\" data-end=\"472\"><strong data-start=\"449\" data-end=\"472\">This is how it works:<\/strong><\/p><ol data-start=\"474\" data-end=\"1022\"><li data-section-id=\"d1mgpi\" data-start=\"474\" data-end=\"619\"><p data-start=\"477\" data-end=\"619\"><b>Please ensure you are connected to the WLAN named \u201eBEIMBLITZ\u201c or \u201eFerienhaus\u201c.<\/b><br data-start=\"525\" data-end=\"528\" \/>You can only access the magazines if your device is connected to this WLAN.<\/p><\/li><li data-section-id=\"1q7pczf\" data-start=\"621\" data-end=\"714\"><p data-start=\"624\" data-end=\"714\" class=\"translation-block\"><strong data-start=\"624\" data-end=\"651\">Scan the QR code on the display in the room<\/strong> or open the link:<br data-start=\"677\" data-end=\"680\"><strong data-start=\"683\" data-end=\"714\"><a class=\"decorated-link\" href=\"http:\/\/www.sharemagazines.com\/read\" target=\"_new\" rel=\"noopener\" data-start=\"685\" data-end=\"712\">www.sharemagazines.de\/lesen<\/a><\/strong><\/p><\/li><li data-section-id=\"14xrr6\" data-start=\"716\" data-end=\"1022\"><p data-start=\"719\" data-end=\"1022\" class=\"translation-block\"><strong data-start=\"719\" data-end=\"772\">Read numerous renowned titles<\/strong> free of charge, e.g.:<br data-start=\"780\" data-end=\"783\"><em data-start=\"786\" data-end=\"872\">S\u00fcddeutsche Zeitung, Die Welt, Handelsblatt, Spiegel, Focus, Stern, Gala, Bunte, NZZ<\/em> as well as top international titles from over <strong data-start=\"913\" data-end=\"951\">25 countries in more than 20 languages<\/strong>, including <em data-start=\"962\" data-end=\"1003\">The Guardian, Corriere della Sera, Time<\/em> and many more.<\/p><\/li><li data-section-id=\"14xrr6\" data-start=\"716\" data-end=\"1022\"><p data-start=\"719\" data-end=\"1022\" class=\"translation-block\">You can find detailed instructions for use in this <strong><a href=\"https:\/\/beimblitz.gaeste-mappe.de\/wp-content\/uploads\/2026\/03\/So-funktioniert-sharemagazines-Presse-eBooks-Hoerbuecher.pdf\" target=\"_blank\" rel=\"noopener\">PDF file<\/a>.<\/strong><\/p><\/li><\/ol><p data-start=\"1024\" data-end=\"1111\" data-is-last-node=\"\" data-is-only-node=\"\">We hope you enjoy reading and wish you a pleasant time in your accommodation!<\/p>\t\t\t\t\t\t\t\t<\/div>\n\t\t\t\t<\/div>\n\t\t\t\t<div class=\"elementor-element elementor-element-dfc9073 elementor-mobile-align-justify elementor-widget elementor-widget-button\" data-id=\"dfc9073\" data-element_type=\"widget\" data-e-type=\"widget\" data-widget_type=\"button.default\">\n\t\t\t\t<div class=\"elementor-widget-container\">\n\t\t\t\t\t\t\t\t\t<div class=\"elementor-button-wrapper\">\n\t\t\t\t\t<a class=\"elementor-button elementor-button-link elementor-size-sm\" href=\"http:\/\/www.sharemagazines.de\/lesen\" target=\"_blank\" rel=\"noopener\">\n\t\t\t\t\t\t<span class=\"elementor-button-content-wrapper\">\n\t\t\t\t\t\t\t\t\t<span class=\"elementor-button-text\">To the newspapers and magazines<\/span>\n\t\t\t\t\t<\/span>\n\t\t\t\t\t<\/a>\n\t\t\t\t<\/div>\n\t\t\t\t\t\t\t\t<\/div>\n\t\t\t\t<\/div>\n\t\t\t\t\t<\/div>\n\t\t<\/div>\n\t\t\t\t\t<\/div>\n\t\t<\/section>\n\t\t\t\t<\/div>","protected":false},"excerpt":{"rendered":"<p>Magazine &amp; Zeitungen Kostenfrei Magazine &amp; Zeitungen lesen W\u00e4hrend Ihres Aufenthalts haben Sie kostenfreien Zugang zu einer gro\u00dfen Auswahl an digitalen Zeitungen und Magazinen. \u00dcber unseren Service k\u00f6nnen Sie zahlreiche renommierte nationale und internationale Titel bequem auf Ihrem Smartphone, Tablet oder Laptop lesen \u2013 ganz ohne Registrierung oder Login. Wichtig: Damit der Zugriff funktioniert, m\u00fcssen [&hellip;]<\/p>\n","protected":false},"author":2,"featured_media":0,"parent":0,"menu_order":0,"comment_status":"closed","ping_status":"closed","template":"","meta":{"site-sidebar-layout":"no-sidebar","site-content-layout":"page-builder","ast-site-content-layout":"default","site-content-style":"default","site-sidebar-style":"default","ast-global-header-display":"","ast-banner-title-visibility":"","ast-main-header-display":"","ast-hfb-above-header-display":"","ast-hfb-below-header-display":"","ast-hfb-mobile-header-display":"","site-post-title":"disabled","ast-breadcrumbs-content":"","ast-featured-img":"disabled","footer-sml-layout":"","ast-disable-related-posts":"","theme-transparent-header-meta":"","adv-header-id-meta":"","stick-header-meta":"","header-above-stick-meta":"","header-main-stick-meta":"","header-below-stick-meta":"","astra-migrate-meta-layouts":"default","ast-page-background-enabled":"default","ast-page-background-meta":{"desktop":{"background-color":"var(--ast-global-color-4)","background-image":"","background-repeat":"repeat","background-position":"center center","background-size":"auto","background-attachment":"scroll","background-type":"","background-media":"","overlay-type":"","overlay-color":"","overlay-opacity":"","overlay-gradient":""},"tablet":{"background-color":"","background-image":"","background-repeat":"repeat","background-position":"center center","background-size":"auto","background-attachment":"scroll","background-type":"","background-media":"","overlay-type":"","overlay-color":"","overlay-opacity":"","overlay-gradient":""},"mobile":{"background-color":"","background-image":"","background-repeat":"repeat","background-position":"center center","background-size":"auto","background-attachment":"scroll","background-type":"","background-media":"","overlay-type":"","overlay-color":"","overlay-opacity":"","overlay-gradient":""}},"ast-content-background-meta":{"desktop":{"background-color":"var(--ast-global-color-5)","background-image":"","background-repeat":"repeat","background-position":"center center","background-size":"auto","background-attachment":"scroll","background-type":"","background-media":"","overlay-type":"","overlay-color":"","overlay-opacity":"","overlay-gradient":""},"tablet":{"background-color":"var(--ast-global-color-5)","background-image":"","background-repeat":"repeat","background-position":"center center","background-size":"auto","background-attachment":"scroll","background-type":"","background-media":"","overlay-type":"","overlay-color":"","overlay-opacity":"","overlay-gradient":""},"mobile":{"background-color":"var(--ast-global-color-5)","background-image":"","background-repeat":"repeat","background-position":"center center","background-size":"auto","background-attachment":"scroll","background-type":"","background-media":"","overlay-type":"","overlay-color":"","overlay-opacity":"","overlay-gradient":""}},"_jet_sm_ready_style":"","_jet_sm_style":"","_jet_sm_controls_values":"","_jet_sm_fonts_collection":"","_jet_sm_fonts_links":"","footnotes":""},"class_list":["post-16267","page","type-page","status-publish","hentry"],"_links":{"self":[{"href":"https:\/\/beimblitz.gaeste-mappe.de\/en\/wp-json\/wp\/v2\/pages\/16267","targetHints":{"allow":["GET"]}}],"collection":[{"href":"https:\/\/beimblitz.gaeste-mappe.de\/en\/wp-json\/wp\/v2\/pages"}],"about":[{"href":"https:\/\/beimblitz.gaeste-mappe.de\/en\/wp-json\/wp\/v2\/types\/page"}],"author":[{"embeddable":true,"href":"https:\/\/beimblitz.gaeste-mappe.de\/en\/wp-json\/wp\/v2\/users\/2"}],"replies":[{"embeddable":true,"href":"https:\/\/beimblitz.gaeste-mappe.de\/en\/wp-json\/wp\/v2\/comments?post=16267"}],"version-history":[{"count":28,"href":"https:\/\/beimblitz.gaeste-mappe.de\/en\/wp-json\/wp\/v2\/pages\/16267\/revisions"}],"predecessor-version":[{"id":16447,"href":"https:\/\/beimblitz.gaeste-mappe.de\/en\/wp-json\/wp\/v2\/pages\/16267\/revisions\/16447"}],"wp:attachment":[{"href":"https:\/\/beimblitz.gaeste-mappe.de\/en\/wp-json\/wp\/v2\/media?parent=16267"}],"curies":[{"name":"wp","href":"https:\/\/api.w.org\/{rel}","templated":true}]}}