{"id":16093,"date":"2026-03-02T11:27:44","date_gmt":"2026-03-02T11:27:44","guid":{"rendered":"https:\/\/beimblitz.gaeste-mappe.de\/?page_id=16093"},"modified":"2026-03-23T18:57:35","modified_gmt":"2026-03-23T18:57:35","slug":"semmel-order-sundays-and-holidays","status":"publish","type":"page","link":"https:\/\/beimblitz.gaeste-mappe.de\/en\/semmel-bestellen-sonn-und-feiertage\/","title":{"rendered":"Order rolls on Sundays and public holidays"},"content":{"rendered":"\t\t<div data-elementor-type=\"wp-page\" data-elementor-id=\"16093\" class=\"elementor elementor-16093\" data-elementor-post-type=\"page\">\n\t\t\t\t\t\t<section class=\"elementor-section elementor-top-section elementor-element elementor-element-4bc7a44 elementor-section-boxed elementor-section-height-default elementor-section-height-default\" data-id=\"4bc7a44\" data-element_type=\"section\" data-e-type=\"section\" data-settings=\"{&quot;background_background&quot;:&quot;classic&quot;}\">\n\t\t\t\t\t\t<div class=\"elementor-container elementor-column-gap-default\">\n\t\t\t\t\t<div class=\"elementor-column elementor-col-100 elementor-top-column elementor-element elementor-element-8e844c5\" data-id=\"8e844c5\" data-element_type=\"column\" data-e-type=\"column\">\n\t\t\t<div class=\"elementor-widget-wrap elementor-element-populated\">\n\t\t\t\t\t\t<div class=\"elementor-element elementor-element-a00fccc kopf elementor-icon-list--layout-traditional elementor-list-item-link-full_width elementor-widget elementor-widget-icon-list\" data-id=\"a00fccc\" data-element_type=\"widget\" data-e-type=\"widget\" data-widget_type=\"icon-list.default\">\n\t\t\t\t<div class=\"elementor-widget-container\">\n\t\t\t\t\t\t\t<ul class=\"elementor-icon-list-items\">\n\t\t\t\t\t\t\t<li class=\"elementor-icon-list-item\">\n\t\t\t\t\t\t\t\t\t\t\t<span class=\"elementor-icon-list-icon\">\n\t\t\t\t\t\t\t<svg xmlns=\"http:\/\/www.w3.org\/2000\/svg\" id=\"Capa_1\" height=\"512\" viewBox=\"0 0 512 512\" width=\"512\"><g><path d=\"m255.665 115.089c43.921-17.978 94.047-24.244 143.842-17.538-40.915-23.032-90.319-36.551-143.507-36.551-53.143 0-102.51 13.493-143.405 36.489 47.275-6.268 96.743-1.47 143.07 17.6z\"><\/path><path d=\"m320.453 128.046c-9.137 1.452-18.338 3.532-27.486 6.086 54.833 34.508 98.033 93.483 98.033 181.868v15h-30v-15c0-76.946-38.815-136.652-105.311-167.921-57.483 27.428-104.689 80.788-104.689 167.921v15h-30v-15c0-77.968 36.158-142.712 97.234-181.664-3.849-1.049-7.352-2.501-11.336-3.389-49.616-11.093-106.311-6.709-154.88 14.57-31.883 35.056-52.018 78.412-52.018 125.483 0 107.666 103.48 180 256 180s256-72.334 256-180c0-47.347-20.354-90.938-52.579-126.101-43.293-18.787-93.289-24.082-138.968-16.853z\"><\/path><\/g><\/svg>\t\t\t\t\t\t<\/span>\n\t\t\t\t\t\t\t\t\t\t<span class=\"elementor-icon-list-text\">Semmelservice an Sonn- und Feiertage<\/span>\n\t\t\t\t\t\t\t\t\t<\/li>\n\t\t\t\t\t\t<\/ul>\n\t\t\t\t\t\t<\/div>\n\t\t\t\t<\/div>\n\t\t\t\t\t<\/div>\n\t\t<\/div>\n\t\t\t\t\t<\/div>\n\t\t<\/section>\n\t\t\t\t<section class=\"elementor-section elementor-top-section elementor-element elementor-element-d5353bb elementor-section-boxed elementor-section-height-default elementor-section-height-default\" data-id=\"d5353bb\" data-element_type=\"section\" data-e-type=\"section\">\n\t\t\t\t\t\t<div class=\"elementor-container elementor-column-gap-default\">\n\t\t\t\t\t<div class=\"elementor-column elementor-col-100 elementor-top-column elementor-element elementor-element-a81659c\" data-id=\"a81659c\" data-element_type=\"column\" data-e-type=\"column\">\n\t\t\t<div class=\"elementor-widget-wrap elementor-element-populated\">\n\t\t\t\t\t\t<div class=\"elementor-element elementor-element-b7e86ef elementor-widget elementor-widget-text-editor\" data-id=\"b7e86ef\" data-element_type=\"widget\" data-e-type=\"widget\" data-widget_type=\"text-editor.default\">\n\t\t\t\t<div class=\"elementor-widget-container\">\n\t\t\t\t\t\t\t\t\t<p><strong>Wichtiger Hinweis zu Sonntagen und Feiertagen: <\/strong>An Sonn- und Feiertagen gibt es <strong>ausschlie\u00dflich normale Semmeln<\/strong> von einer Ersatzb\u00e4ckerei. Daf\u00fcr ist dieses Formular gedacht. Einfach die gew\u00fcnschte Anzahl, die Ferienwohnung und ihren Namen angeben.<\/p><p>F\u00fcr die Bestellung an allen anderen Tagen nutzen Sie bitte folgendes <a href=\"https:\/\/beimblitz.gaeste-mappe.de\/semmel-bestellen\/\">Formular<\/a>.<\/p><p>Bitte geben Sie Ihre Br\u00f6tchenbestellung <strong>bis sp\u00e4testens 21:00 Uhr am Vortag<\/strong> \u00fcber dieses Formular auf. So k\u00f6nnen wir Ihre Bestellung rechtzeitig und zuverl\u00e4ssig vorbereiten.<\/p>\t\t\t\t\t\t\t\t<\/div>\n\t\t\t\t<\/div>\n\t\t\t\t\t<\/div>\n\t\t<\/div>\n\t\t\t\t\t<\/div>\n\t\t<\/section>\n\t\t\t\t<section class=\"elementor-section elementor-top-section elementor-element elementor-element-d63e50f elementor-section-boxed elementor-section-height-default elementor-section-height-default\" data-id=\"d63e50f\" data-element_type=\"section\" data-e-type=\"section\">\n\t\t\t\t\t\t<div class=\"elementor-container elementor-column-gap-default\">\n\t\t\t\t\t<div class=\"elementor-column elementor-col-100 elementor-top-column elementor-element elementor-element-2ca01a8\" data-id=\"2ca01a8\" data-element_type=\"column\" data-e-type=\"column\">\n\t\t\t<div class=\"elementor-widget-wrap elementor-element-populated\">\n\t\t\t\t\t\t<div class=\"elementor-element elementor-element-de9a983 elementor-button-align-start elementor-widget elementor-widget-form\" data-id=\"de9a983\" data-element_type=\"widget\" data-e-type=\"widget\" data-settings=\"{&quot;step_next_label&quot;:&quot;N\\u00e4chster&quot;,&quot;step_previous_label&quot;:&quot;Voriger&quot;,&quot;button_width&quot;:&quot;100&quot;,&quot;step_type&quot;:&quot;number_text&quot;,&quot;step_icon_shape&quot;:&quot;circle&quot;}\" data-widget_type=\"form.default\">\n\t\t\t\t<div class=\"elementor-widget-container\">\n\t\t\t\t\t\t\t<form class=\"elementor-form\" method=\"post\" name=\"Semmel-Sonn-und-Feiertage\" aria-label=\"Semmel-Sonn-und-Feiertage\">\n\t\t\t<input type=\"hidden\" name=\"post_id\" value=\"16093\"\/>\n\t\t\t<input type=\"hidden\" name=\"form_id\" value=\"de9a983\"\/>\n\t\t\t<input type=\"hidden\" name=\"referer_title\" value=\"Semmel bestellen Sonn- und Feiertage - Digitale G\u00e4stemappe - Ferienwohnungen zum Blitz\" \/>\n\n\t\t\t\t\t\t\t<input type=\"hidden\" name=\"queried_id\" value=\"16093\"\/>\n\t\t\t\n\t\t\t<div class=\"ele-extensions-hide-form elementor-form-fields-wrapper elementor-labels-above\">\n\t\t\t\t\t\t\t\t<div class=\"elementor-field-type-text elementor-field-group elementor-column elementor-field-group-name elementor-col-100 elementor-field-required\">\n\t\t\t\t\t\t\t\t\t\t\t\t<label for=\"form-field-name\" class=\"elementor-field-label\">\n\t\t\t\t\t\t\t\tName\t\t\t\t\t\t\t<\/label>\n\t\t\t\t\t\t\t\t\t\t\t\t\t\t<input size=\"1\" type=\"text\" name=\"form_fields[name]\" id=\"form-field-name\" class=\"elementor-field elementor-size-sm  elementor-field-textual\" placeholder=\"Name\" required=\"required\">\n\t\t\t\t\t\t\t\t\t\t\t<\/div>\n\t\t\t\t\t\t\t\t<div class=\"elementor-field-type-select elementor-field-group elementor-column elementor-field-group-field_56e3ff7 elementor-col-100 elementor-field-required\">\n\t\t\t\t\t\t\t\t\t\t\t\t<label for=\"form-field-field_56e3ff7\" class=\"elementor-field-label\">\n\t\t\t\t\t\t\t\tFerienwohnung\t\t\t\t\t\t\t<\/label>\n\t\t\t\t\t\t\t\t<div class=\"elementor-field elementor-select-wrapper remove-before \">\n\t\t\t<div class=\"select-caret-down-wrapper\">\n\t\t\t\t<i aria-hidden=\"true\" class=\"eicon-caret-down\"><\/i>\t\t\t<\/div>\n\t\t\t<select name=\"form_fields[field_56e3ff7]\" id=\"form-field-field_56e3ff7\" class=\"elementor-field-textual elementor-size-sm\" required=\"required\">\n\t\t\t\t\t\t\t\t\t<option value=\"\">Bitte ausw\u00e4hlen<\/option>\n\t\t\t\t\t\t\t\t\t<option value=\"Zimmer Eins\">Zimmer Eins<\/option>\n\t\t\t\t\t\t\t\t\t<option value=\"Ferienwohnung Herreh\u00e4nsle\">Ferienwohnung Herreh\u00e4nsle<\/option>\n\t\t\t\t\t\t\t\t\t<option value=\"Ferienwohnung Blitz\">Ferienwohnung Blitz<\/option>\n\t\t\t\t\t\t\t\t\t<option value=\"Ferienwohnung Michl\">Ferienwohnung Michl<\/option>\n\t\t\t\t\t\t\t\t\t<option value=\"Ferienwohnung Bergjuchzga\">Ferienwohnung Bergjuchzga<\/option>\n\t\t\t\t\t\t\t<\/select>\n\t\t<\/div>\n\t\t\t\t\t\t<\/div>\n\t\t\t\t\t\t\t\t<div class=\"elementor-field-type-number elementor-field-group elementor-column elementor-field-group-field_4427a7e elementor-col-100 elementor-field-required\">\n\t\t\t\t\t\t\t\t\t\t\t\t<label for=\"form-field-field_4427a7e\" class=\"elementor-field-label\">\n\t\t\t\t\t\t\t\tAnzahl Semmel\/Br\u00f6tchen\t\t\t\t\t\t\t<\/label>\n\t\t\t\t\t\t\t\t\t<input type=\"number\" name=\"form_fields[field_4427a7e]\" id=\"form-field-field_4427a7e\" class=\"elementor-field elementor-size-sm  elementor-field-textual\" placeholder=\"bitte eine Anzahl angeben\" required=\"required\" min=\"1\" max=\"\" >\n\t\t\t\t\t\t<\/div>\n\t\t\t\t\t\t\t\t<div class=\"elementor-field-type-date elementor-field-group elementor-column elementor-field-group-field_4852405 elementor-col-100 elementor-field-required\">\n\t\t\t\t\t\t\t\t\t\t\t\t<label for=\"form-field-field_4852405\" class=\"elementor-field-label\">\n\t\t\t\t\t\t\t\tLieferdatum\t\t\t\t\t\t\t<\/label>\n\t\t\t\t\t\t\n\t\t<input type=\"date\" name=\"form_fields[field_4852405]\" id=\"form-field-field_4852405\" class=\"elementor-field elementor-size-sm  elementor-field-textual elementor-date-field\" required=\"required\" pattern=\"[0-9]{4}-[0-9]{2}-[0-9]{2}\">\n\t\t\t\t\t\t<\/div>\n\t\t\t\t\t\t\t\t<div class=\"elementor-field-type-select elementor-field-group elementor-column elementor-field-group-field_aaa elementor-col-100\">\n\t\t\t\t\t\t\t\t\t\t\t\t<label for=\"form-field-field_aaa\" class=\"elementor-field-label\">\n\t\t\t\t\t\t\t\tBitte \"Ja\" ausw\u00e4hlen, falls die Bestellung f\u00fcr alle weiteren Sonn- und Feiertage w\u00e4hrend Ihres Aufenthalts gelten soll\t\t\t\t\t\t\t<\/label>\n\t\t\t\t\t\t\t\t<div class=\"elementor-field elementor-select-wrapper remove-before \">\n\t\t\t<div class=\"select-caret-down-wrapper\">\n\t\t\t\t<i aria-hidden=\"true\" class=\"eicon-caret-down\"><\/i>\t\t\t<\/div>\n\t\t\t<select name=\"form_fields[field_aaa]\" id=\"form-field-field_aaa\" class=\"elementor-field-textual elementor-size-sm\">\n\t\t\t\t\t\t\t\t\t<option value=\"Nein\" selected=\"selected\">Nein<\/option>\n\t\t\t\t\t\t\t\t\t<option value=\"Ja\">Ja<\/option>\n\t\t\t\t\t\t\t<\/select>\n\t\t<\/div>\n\t\t\t\t\t\t<\/div>\n\t\t\t\t\t\t\t\t<div class=\"elementor-field-type-textarea elementor-field-group elementor-column elementor-field-group-field_9492ae8 elementor-col-100\">\n\t\t\t\t\t\t\t\t\t\t\t\t<label for=\"form-field-field_9492ae8\" class=\"elementor-field-label\">\n\t\t\t\t\t\t\t\tIhre Anmerkung (optional)\t\t\t\t\t\t\t<\/label>\n\t\t\t\t\t\t<textarea class=\"elementor-field-textual elementor-field  elementor-size-sm\" name=\"form_fields[field_9492ae8]\" id=\"form-field-field_9492ae8\" rows=\"4\"><\/textarea>\t\t\t\t<\/div>\n\t\t\t\t\t\t\t\t<div class=\"elementor-field-group elementor-column elementor-field-type-submit elementor-col-100 e-form__buttons\">\n\t\t\t\t\t<button class=\"elementor-button elementor-size-sm\" type=\"submit\">\n\t\t\t\t\t\t<span class=\"elementor-button-content-wrapper\">\n\t\t\t\t\t\t\t\t\t\t\t\t\t\t\t\t\t\t\t\t\t\t<span class=\"elementor-button-text\">Jetzt zahlungspflichtig bestellen<\/span>\n\t\t\t\t\t\t\t\t\t\t\t\t\t<\/span>\n\t\t\t\t\t<\/button>\n\t\t\t\t<\/div>\n\t\t\t<\/div>\n\t\t<\/form>\n\t\t\t\t\t\t<\/div>\n\t\t\t\t<\/div>\n\t\t\t\t\t<\/div>\n\t\t<\/div>\n\t\t\t\t\t<\/div>\n\t\t<\/section>\n\t\t\t\t<\/div>\n\t\t","protected":false},"excerpt":{"rendered":"<p>Semmelservice an Sonn- und Feiertage Wichtiger Hinweis zu Sonntagen und Feiertagen: An Sonn- und Feiertagen gibt es ausschlie\u00dflich normale Semmeln von einer Ersatzb\u00e4ckerei. Daf\u00fcr ist dieses Formular gedacht. Einfach die gew\u00fcnschte Anzahl, die Ferienwohnung und ihren Namen angeben. F\u00fcr die Bestellung an allen anderen Tagen nutzen Sie bitte folgendes Formular. Bitte geben Sie Ihre Br\u00f6tchenbestellung [&hellip;]<\/p>\n","protected":false},"author":2,"featured_media":0,"parent":0,"menu_order":0,"comment_status":"closed","ping_status":"closed","template":"","meta":{"site-sidebar-layout":"no-sidebar","site-content-layout":"page-builder","ast-site-content-layout":"full-width-container","site-content-style":"default","site-sidebar-style":"default","ast-global-header-display":"","ast-banner-title-visibility":"","ast-main-header-display":"","ast-hfb-above-header-display":"","ast-hfb-below-header-display":"","ast-hfb-mobile-header-display":"","site-post-title":"disabled","ast-breadcrumbs-content":"","ast-featured-img":"disabled","footer-sml-layout":"","ast-disable-related-posts":"","theme-transparent-header-meta":"","adv-header-id-meta":"","stick-header-meta":"","header-above-stick-meta":"","header-main-stick-meta":"","header-below-stick-meta":"","astra-migrate-meta-layouts":"set","ast-page-background-enabled":"default","ast-page-background-meta":{"desktop":{"background-color":"var(--ast-global-color-4)","background-image":"","background-repeat":"repeat","background-position":"center center","background-size":"auto","background-attachment":"scroll","background-type":"","background-media":"","overlay-type":"","overlay-color":"","overlay-opacity":"","overlay-gradient":""},"tablet":{"background-color":"","background-image":"","background-repeat":"repeat","background-position":"center center","background-size":"auto","background-attachment":"scroll","background-type":"","background-media":"","overlay-type":"","overlay-color":"","overlay-opacity":"","overlay-gradient":""},"mobile":{"background-color":"","background-image":"","background-repeat":"repeat","background-position":"center center","background-size":"auto","background-attachment":"scroll","background-type":"","background-media":"","overlay-type":"","overlay-color":"","overlay-opacity":"","overlay-gradient":""}},"ast-content-background-meta":{"desktop":{"background-color":"var(--ast-global-color-5)","background-image":"","background-repeat":"repeat","background-position":"center center","background-size":"auto","background-attachment":"scroll","background-type":"","background-media":"","overlay-type":"","overlay-color":"","overlay-opacity":"","overlay-gradient":""},"tablet":{"background-color":"var(--ast-global-color-5)","background-image":"","background-repeat":"repeat","background-position":"center center","background-size":"auto","background-attachment":"scroll","background-type":"","background-media":"","overlay-type":"","overlay-color":"","overlay-opacity":"","overlay-gradient":""},"mobile":{"background-color":"var(--ast-global-color-5)","background-image":"","background-repeat":"repeat","background-position":"center center","background-size":"auto","background-attachment":"scroll","background-type":"","background-media":"","overlay-type":"","overlay-color":"","overlay-opacity":"","overlay-gradient":""}},"_jet_sm_ready_style":"","_jet_sm_style":"","_jet_sm_controls_values":"","_jet_sm_fonts_collection":"","_jet_sm_fonts_links":"","footnotes":""},"class_list":["post-16093","page","type-page","status-publish","hentry"],"_links":{"self":[{"href":"https:\/\/beimblitz.gaeste-mappe.de\/en\/wp-json\/wp\/v2\/pages\/16093","targetHints":{"allow":["GET"]}}],"collection":[{"href":"https:\/\/beimblitz.gaeste-mappe.de\/en\/wp-json\/wp\/v2\/pages"}],"about":[{"href":"https:\/\/beimblitz.gaeste-mappe.de\/en\/wp-json\/wp\/v2\/types\/page"}],"author":[{"embeddable":true,"href":"https:\/\/beimblitz.gaeste-mappe.de\/en\/wp-json\/wp\/v2\/users\/2"}],"replies":[{"embeddable":true,"href":"https:\/\/beimblitz.gaeste-mappe.de\/en\/wp-json\/wp\/v2\/comments?post=16093"}],"version-history":[{"count":34,"href":"https:\/\/beimblitz.gaeste-mappe.de\/en\/wp-json\/wp\/v2\/pages\/16093\/revisions"}],"predecessor-version":[{"id":16381,"href":"https:\/\/beimblitz.gaeste-mappe.de\/en\/wp-json\/wp\/v2\/pages\/16093\/revisions\/16381"}],"wp:attachment":[{"href":"https:\/\/beimblitz.gaeste-mappe.de\/en\/wp-json\/wp\/v2\/media?parent=16093"}],"curies":[{"name":"wp","href":"https:\/\/api.w.org\/{rel}","templated":true}]}}