{"id":12571,"date":"2024-10-27T12:13:30","date_gmt":"2024-10-27T12:13:30","guid":{"rendered":"https:\/\/pfefferundsalz.gaeste-mappe.de\/?page_id=12571"},"modified":"2025-12-22T16:09:28","modified_gmt":"2025-12-22T16:09:28","slug":"spa","status":"publish","type":"page","link":"https:\/\/beimblitz.gaeste-mappe.de\/en\/therme\/","title":{"rendered":"Thermal baths"},"content":{"rendered":"<div data-elementor-type=\"wp-page\" data-elementor-id=\"12571\" class=\"elementor elementor-12571\" data-elementor-post-type=\"page\">\n\t\t\t\t\t\t<section class=\"elementor-section elementor-top-section elementor-element elementor-element-2bb7a3df elementor-section-boxed elementor-section-height-default elementor-section-height-default\" data-id=\"2bb7a3df\" data-element_type=\"section\" data-e-type=\"section\" data-settings=\"{&quot;background_background&quot;:&quot;classic&quot;}\">\n\t\t\t\t\t\t<div class=\"elementor-container elementor-column-gap-default\">\n\t\t\t\t\t<div class=\"elementor-column elementor-col-100 elementor-top-column elementor-element elementor-element-61011276\" data-id=\"61011276\" data-element_type=\"column\" data-e-type=\"column\">\n\t\t\t<div class=\"elementor-widget-wrap elementor-element-populated\">\n\t\t\t\t\t\t<div class=\"elementor-element elementor-element-bd6a07b kopf elementor-icon-list--layout-traditional elementor-list-item-link-full_width elementor-widget elementor-widget-icon-list\" data-id=\"bd6a07b\" data-element_type=\"widget\" data-e-type=\"widget\" data-widget_type=\"icon-list.default\">\n\t\t\t\t<div class=\"elementor-widget-container\">\n\t\t\t\t\t\t\t<ul class=\"elementor-icon-list-items\">\n\t\t\t\t\t\t\t<li class=\"elementor-icon-list-item\">\n\t\t\t\t\t\t\t\t\t\t\t<span class=\"elementor-icon-list-icon\">\n\t\t\t\t\t\t\t<svg xmlns=\"http:\/\/www.w3.org\/2000\/svg\" id=\"Layer_30\" height=\"512\" viewbox=\"0 0 32 32\" width=\"512\" data-name=\"Layer 30\"><path d=\"m13 17h7v1.47a5.665 5.665 0 0 1 1.56 1.13 5.833 5.833 0 0 1 .44-.4v-14.2a1 1 0 0 1 2 0 1 1 0 0 0 2 0 3 3 0 0 0 -6 0v4h-7v-4a1 1 0 0 1 2 0 1 1 0 0 0 2 0 3 3 0 0 0 -6 0v13.03a4.866 4.866 0 0 1 2 .67zm7-6v4h-7v-4z\"><\/path><path d=\"m29 22a1.412 1.412 0 0 1 -1.127-.681 3.206 3.206 0 0 0 -5.184 0 1.27 1.27 0 0 1 -2.251 0 3.2 3.2 0 0 0 -5.179 0 1.4 1.4 0 0 1 -1.122.681 1.406 1.406 0 0 1 -1.122-.68 3.313 3.313 0 0 0 -2.59-1.32 3.313 3.313 0 0 0 -2.589 1.319 1.4 1.4 0 0 1 -1.123.681 1.4 1.4 0 0 1 -1.123-.681 3.316 3.316 0 0 0 -2.59-1.319 1 1 0 0 0 -1 1v9h28v-7a1 1 0 0 0 -1-1z\"><\/path><\/svg>\t\t\t\t\t\t<\/span>\n\t\t\t\t\t\t\t\t\t\t<span class=\"elementor-icon-list-text\">Thermal baths<\/span>\n\t\t\t\t\t\t\t\t\t<\/li>\n\t\t\t\t\t\t<\/ul>\n\t\t\t\t\t\t<\/div>\n\t\t\t\t<\/div>\n\t\t\t\t\t<\/div>\n\t\t<\/div>\n\t\t\t\t\t<\/div>\n\t\t<\/section>\n\t\t\t\t<section class=\"elementor-section elementor-top-section elementor-element elementor-element-4a3d9ce elementor-section-boxed elementor-section-height-default elementor-section-height-default\" data-id=\"4a3d9ce\" data-element_type=\"section\" data-e-type=\"section\">\n\t\t\t\t\t\t<div class=\"elementor-container elementor-column-gap-default\">\n\t\t\t\t\t<div class=\"elementor-column elementor-col-100 elementor-top-column elementor-element elementor-element-4fd50c0\" data-id=\"4fd50c0\" data-element_type=\"column\" data-e-type=\"column\">\n\t\t\t<div class=\"elementor-widget-wrap elementor-element-populated\">\n\t\t\t\t\t\t<div class=\"elementor-element elementor-element-7860def elementor-icon-list--layout-traditional elementor-list-item-link-full_width elementor-widget elementor-widget-icon-list\" data-id=\"7860def\" data-element_type=\"widget\" data-e-type=\"widget\" data-widget_type=\"icon-list.default\">\n\t\t\t\t<div class=\"elementor-widget-container\">\n\t\t\t\t\t\t\t<ul class=\"elementor-icon-list-items\">\n\t\t\t\t\t\t\t<li class=\"elementor-icon-list-item\">\n\t\t\t\t\t\t\t\t\t\t\t<span class=\"elementor-icon-list-icon\">\n\t\t\t\t\t\t\t<svg xmlns=\"http:\/\/www.w3.org\/2000\/svg\" xmlns:xlink=\"http:\/\/www.w3.org\/1999\/xlink\" id=\"Layer_1\" x=\"0px\" y=\"0px\" viewbox=\"0 0 512.003 512.003\" style=\"enable-background:new 0 0 512.003 512.003;\" xml:space=\"preserve\"><g>\t<g>\t\t<g>\t\t\t<path d=\"M115.553,111.477c3.53,5.71,9.639,8.851,15.893,8.851c3.349,0,6.741-0.902,9.798-2.792    c8.768-5.422,11.481-16.924,6.059-25.692c-4.07-6.581-2.097-15.818,1.636-30.247c4.012-15.504,9.004-34.8-1.456-52.446    c-5.255-8.867-16.7-11.795-25.573-6.54c-8.867,5.256-11.795,16.705-6.539,25.573c2.543,4.292-0.057,14.342-2.571,24.063    C108.348,69.454,102.807,90.867,115.553,111.477z\"><\/path>\t\t\t<path d=\"M175.309,111.477c3.531,5.71,9.64,8.852,15.894,8.852c3.349,0,6.739-0.901,9.798-2.792    c8.768-5.42,11.481-16.923,6.06-25.69c-4.07-6.583-2.098-15.818,1.635-30.248c4.012-15.504,9.003-34.799-1.455-52.445    c-5.256-8.868-16.708-11.795-25.573-6.54c-8.868,5.256-11.796,16.705-6.541,25.572c2.545,4.292-0.056,14.343-2.571,24.063    C168.107,69.454,162.567,90.867,175.309,111.477z\"><\/path>\t\t\t<path d=\"M20.116,319.151l16.915,111.033c0.095,0.62,0.142,1.246,0.142,1.874c0,21.267,15.558,38.961,35.889,42.321    L60.089,319.151H20.116z\"><\/path>\t\t\t<path d=\"M98.084,474.962h50.826v-8.531c-5.184-8.891-9.502-18.424-12.777-28.531c-4.278-13.212-1.956-27.805,6.21-39.032    c1.927-2.649,4.14-5.036,6.566-7.154v-72.563H85.062L98.084,474.962z\"><\/path>\t\t\t<path d=\"M177.566,380.931h54.917l5.163-61.78h-63.85v61.964C175.045,381.005,176.301,380.931,177.566,380.931z\"><\/path>\t\t\t<polygon points=\"257.456,380.931 293.178,380.931 302.591,319.151 262.619,319.151    \"><\/polygon>\t\t\t<path d=\"M317.286,222.685l4.063-26.667c1.035-6.8-0.942-13.694-5.424-18.911c-4.483-5.217-11-8.21-17.879-8.21h-22.87    l-4.436,53.073h40.342C313.187,221.97,315.267,222.219,317.286,222.685z\"><\/path>\t\t\t<path d=\"M11.369,221.97h40.599l-4.436-53.074H24.661c-6.879,0-13.396,2.993-17.879,8.21c-4.482,5.217-6.459,12.111-5.424,18.911    l4.054,26.611C7.356,222.198,9.351,221.97,11.369,221.97z\"><\/path>\t\t\t<polygon points=\"148.909,221.97 148.909,168.896 72.504,168.896 76.94,221.97    \"><\/polygon>\t\t\t<polygon points=\"173.796,221.97 245.768,221.97 250.203,168.896 173.796,168.896    \"><\/polygon>\t\t\t<path d=\"M507.478,155.619c-5.958-8.412-17.607-10.399-26.02-4.441c-3.872,2.745-92.818,67.68-125.256,253.397H179.245    c-5.972,0-11.583,2.857-15.095,7.688c-3.513,4.829-4.502,11.047-2.663,16.729c16.082,49.651,61.964,83.012,114.171,83.012    c52.049,0,97.811-33.161,114.022-82.564c0.416-1.178,0.716-2.411,0.887-3.683c4.477-29.47,10.464-55.717,17.266-78.947    c15.009-51.254,33.993-87.806,49.506-111.801c3.032-4.69,6.016-9.038,8.918-13.058c20.382-28.238,36.669-40.232,36.78-40.311    C511.449,175.68,513.436,164.03,507.478,155.619z\"><\/path>\t\t\t<path d=\"M301.194,304.576c6.696,0,12.346-4.977,13.192-11.618l5.326-41.842c1.012-7.946-5.18-14.977-13.191-14.977H16.185    c-8.01,0-14.203,7.03-13.191,14.977l5.326,41.842c0.845,6.641,6.497,11.618,13.191,11.618H301.194z\"><\/path>\t\t<\/g>\t<\/g><\/g><g><\/g><g><\/g><g><\/g><g><\/g><g><\/g><g><\/g><g><\/g><g><\/g><g><\/g><g><\/g><g><\/g><g><\/g><g><\/g><g><\/g><g><\/g><\/svg>\t\t\t\t\t\t<\/span>\n\t\t\t\t\t\t\t\t\t\t<span class=\"elementor-icon-list-text\">K\u00f6nigliche Kristalltherme Schwangau - relaxation and wellness<\/span>\n\t\t\t\t\t\t\t\t\t<\/li>\n\t\t\t\t\t\t<\/ul>\n\t\t\t\t\t\t<\/div>\n\t\t\t\t<\/div>\n\t\t\t\t\t<\/div>\n\t\t<\/div>\n\t\t\t\t\t<\/div>\n\t\t<\/section>\n\t\t\t\t<section class=\"elementor-section elementor-top-section elementor-element elementor-element-525a291 elementor-section-boxed elementor-section-height-default elementor-section-height-default\" data-id=\"525a291\" data-element_type=\"section\" data-e-type=\"section\">\n\t\t\t\t\t\t<div class=\"elementor-container elementor-column-gap-default\">\n\t\t\t\t\t<div class=\"elementor-column elementor-col-100 elementor-top-column elementor-element elementor-element-edd1a57\" data-id=\"edd1a57\" data-element_type=\"column\" data-e-type=\"column\">\n\t\t\t<div class=\"elementor-widget-wrap elementor-element-populated\">\n\t\t\t\t\t\t<div class=\"elementor-element elementor-element-6dd6fc5 elementor-widget elementor-widget-gallery\" data-id=\"6dd6fc5\" data-element_type=\"widget\" data-e-type=\"widget\" data-settings=\"{&quot;columns&quot;:3,&quot;columns_tablet&quot;:3,&quot;columns_mobile&quot;:2,&quot;gap&quot;:{&quot;unit&quot;:&quot;px&quot;,&quot;size&quot;:5,&quot;sizes&quot;:[]},&quot;gallery_layout&quot;:&quot;grid&quot;,&quot;gap_tablet&quot;:{&quot;unit&quot;:&quot;px&quot;,&quot;size&quot;:10,&quot;sizes&quot;:[]},&quot;gap_mobile&quot;:{&quot;unit&quot;:&quot;px&quot;,&quot;size&quot;:10,&quot;sizes&quot;:[]},&quot;link_to&quot;:&quot;file&quot;,&quot;aspect_ratio&quot;:&quot;3:2&quot;,&quot;overlay_background&quot;:&quot;yes&quot;,&quot;content_hover_animation&quot;:&quot;fade-in&quot;}\" data-widget_type=\"gallery.default\">\n\t\t\t\t<div class=\"elementor-widget-container\">\n\t\t\t\t\t\t\t<div class=\"elementor-gallery__container\">\n\t\t\t\t\t\t\t<a class=\"e-gallery-item elementor-gallery-item elementor-animated-content\" href=\"https:\/\/beimblitz.gaeste-mappe.de\/wp-content\/uploads\/2025\/12\/kristall-therme-1.jpg\" data-elementor-open-lightbox=\"yes\" data-elementor-lightbox-slideshow=\"6dd6fc5\" data-elementor-lightbox-title=\"kristall-therme-1\" data-e-action-hash=\"#elementor-action%3Aaction%3Dlightbox%26settings%3DeyJpZCI6MTQ4NjEsInVybCI6Imh0dHBzOlwvXC9iZWltYmxpdHouZ2Flc3RlLW1hcHBlLmRlXC93cC1jb250ZW50XC91cGxvYWRzXC8yMDI1XC8xMlwva3Jpc3RhbGwtdGhlcm1lLTEuanBnIiwic2xpZGVzaG93IjoiNmRkNmZjNSJ9\">\n\t\t\t\t\t<div class=\"e-gallery-image elementor-gallery-item__image\" data-thumbnail=\"https:\/\/beimblitz.gaeste-mappe.de\/wp-content\/uploads\/2025\/12\/kristall-therme-1.jpg\" data-width=\"1280\" data-height=\"854\" aria-label=\"\" role=\"img\" ><\/div>\n\t\t\t\t\t\t\t\t\t\t\t<div class=\"elementor-gallery-item__overlay\"><\/div>\n\t\t\t\t\t\t\t\t\t\t\t\t\t\t<\/a>\n\t\t\t\t\t\t\t<a class=\"e-gallery-item elementor-gallery-item elementor-animated-content\" href=\"https:\/\/beimblitz.gaeste-mappe.de\/wp-content\/uploads\/2025\/12\/kristall-therme-2.jpg\" data-elementor-open-lightbox=\"yes\" data-elementor-lightbox-slideshow=\"6dd6fc5\" data-elementor-lightbox-title=\"kristall-therme-2\" data-e-action-hash=\"#elementor-action%3Aaction%3Dlightbox%26settings%3DeyJpZCI6MTQ4NjIsInVybCI6Imh0dHBzOlwvXC9iZWltYmxpdHouZ2Flc3RlLW1hcHBlLmRlXC93cC1jb250ZW50XC91cGxvYWRzXC8yMDI1XC8xMlwva3Jpc3RhbGwtdGhlcm1lLTIuanBnIiwic2xpZGVzaG93IjoiNmRkNmZjNSJ9\">\n\t\t\t\t\t<div class=\"e-gallery-image elementor-gallery-item__image\" data-thumbnail=\"https:\/\/beimblitz.gaeste-mappe.de\/wp-content\/uploads\/2025\/12\/kristall-therme-2.jpg\" data-width=\"1280\" data-height=\"854\" aria-label=\"\" role=\"img\" ><\/div>\n\t\t\t\t\t\t\t\t\t\t\t<div class=\"elementor-gallery-item__overlay\"><\/div>\n\t\t\t\t\t\t\t\t\t\t\t\t\t\t<\/a>\n\t\t\t\t\t\t\t<a class=\"e-gallery-item elementor-gallery-item elementor-animated-content\" href=\"https:\/\/beimblitz.gaeste-mappe.de\/wp-content\/uploads\/2025\/12\/kristall-therme-3.jpg\" data-elementor-open-lightbox=\"yes\" data-elementor-lightbox-slideshow=\"6dd6fc5\" data-elementor-lightbox-title=\"kristall-therme-3\" data-e-action-hash=\"#elementor-action%3Aaction%3Dlightbox%26settings%3DeyJpZCI6MTQ4NjMsInVybCI6Imh0dHBzOlwvXC9iZWltYmxpdHouZ2Flc3RlLW1hcHBlLmRlXC93cC1jb250ZW50XC91cGxvYWRzXC8yMDI1XC8xMlwva3Jpc3RhbGwtdGhlcm1lLTMuanBnIiwic2xpZGVzaG93IjoiNmRkNmZjNSJ9\">\n\t\t\t\t\t<div class=\"e-gallery-image elementor-gallery-item__image\" data-thumbnail=\"https:\/\/beimblitz.gaeste-mappe.de\/wp-content\/uploads\/2025\/12\/kristall-therme-3.jpg\" data-width=\"1280\" data-height=\"854\" aria-label=\"\" role=\"img\" ><\/div>\n\t\t\t\t\t\t\t\t\t\t\t<div class=\"elementor-gallery-item__overlay\"><\/div>\n\t\t\t\t\t\t\t\t\t\t\t\t\t\t<\/a>\n\t\t\t\t\t\t\t<a class=\"e-gallery-item elementor-gallery-item elementor-animated-content\" href=\"https:\/\/beimblitz.gaeste-mappe.de\/wp-content\/uploads\/2025\/12\/kristall-therme-4.jpg\" data-elementor-open-lightbox=\"yes\" data-elementor-lightbox-slideshow=\"6dd6fc5\" data-elementor-lightbox-title=\"kristall-therme-4\" data-e-action-hash=\"#elementor-action%3Aaction%3Dlightbox%26settings%3DeyJpZCI6MTQ4NjQsInVybCI6Imh0dHBzOlwvXC9iZWltYmxpdHouZ2Flc3RlLW1hcHBlLmRlXC93cC1jb250ZW50XC91cGxvYWRzXC8yMDI1XC8xMlwva3Jpc3RhbGwtdGhlcm1lLTQuanBnIiwic2xpZGVzaG93IjoiNmRkNmZjNSJ9\">\n\t\t\t\t\t<div class=\"e-gallery-image elementor-gallery-item__image\" data-thumbnail=\"https:\/\/beimblitz.gaeste-mappe.de\/wp-content\/uploads\/2025\/12\/kristall-therme-4.jpg\" data-width=\"1280\" data-height=\"854\" aria-label=\"\" role=\"img\" ><\/div>\n\t\t\t\t\t\t\t\t\t\t\t<div class=\"elementor-gallery-item__overlay\"><\/div>\n\t\t\t\t\t\t\t\t\t\t\t\t\t\t<\/a>\n\t\t\t\t\t\t\t<a class=\"e-gallery-item elementor-gallery-item elementor-animated-content\" href=\"https:\/\/beimblitz.gaeste-mappe.de\/wp-content\/uploads\/2025\/12\/kristall-therme-5.jpg\" data-elementor-open-lightbox=\"yes\" data-elementor-lightbox-slideshow=\"6dd6fc5\" data-elementor-lightbox-title=\"kristall-therme-5\" data-e-action-hash=\"#elementor-action%3Aaction%3Dlightbox%26settings%3DeyJpZCI6MTQ4NjUsInVybCI6Imh0dHBzOlwvXC9iZWltYmxpdHouZ2Flc3RlLW1hcHBlLmRlXC93cC1jb250ZW50XC91cGxvYWRzXC8yMDI1XC8xMlwva3Jpc3RhbGwtdGhlcm1lLTUuanBnIiwic2xpZGVzaG93IjoiNmRkNmZjNSJ9\">\n\t\t\t\t\t<div class=\"e-gallery-image elementor-gallery-item__image\" data-thumbnail=\"https:\/\/beimblitz.gaeste-mappe.de\/wp-content\/uploads\/2025\/12\/kristall-therme-5.jpg\" data-width=\"1280\" data-height=\"854\" aria-label=\"\" role=\"img\" ><\/div>\n\t\t\t\t\t\t\t\t\t\t\t<div class=\"elementor-gallery-item__overlay\"><\/div>\n\t\t\t\t\t\t\t\t\t\t\t\t\t\t<\/a>\n\t\t\t\t\t\t\t<a class=\"e-gallery-item elementor-gallery-item elementor-animated-content\" href=\"https:\/\/beimblitz.gaeste-mappe.de\/wp-content\/uploads\/2025\/12\/kristall-therme-6.jpg\" data-elementor-open-lightbox=\"yes\" data-elementor-lightbox-slideshow=\"6dd6fc5\" data-elementor-lightbox-title=\"kristall-therme-6\" data-e-action-hash=\"#elementor-action%3Aaction%3Dlightbox%26settings%3DeyJpZCI6MTQ4NjYsInVybCI6Imh0dHBzOlwvXC9iZWltYmxpdHouZ2Flc3RlLW1hcHBlLmRlXC93cC1jb250ZW50XC91cGxvYWRzXC8yMDI1XC8xMlwva3Jpc3RhbGwtdGhlcm1lLTYuanBnIiwic2xpZGVzaG93IjoiNmRkNmZjNSJ9\">\n\t\t\t\t\t<div class=\"e-gallery-image elementor-gallery-item__image\" data-thumbnail=\"https:\/\/beimblitz.gaeste-mappe.de\/wp-content\/uploads\/2025\/12\/kristall-therme-6.jpg\" data-width=\"1280\" data-height=\"854\" aria-label=\"\" role=\"img\" ><\/div>\n\t\t\t\t\t\t\t\t\t\t\t<div class=\"elementor-gallery-item__overlay\"><\/div>\n\t\t\t\t\t\t\t\t\t\t\t\t\t\t<\/a>\n\t\t\t\t\t<\/div>\n\t\t\t\t\t<\/div>\n\t\t\t\t<\/div>\n\t\t\t\t\t<\/div>\n\t\t<\/div>\n\t\t\t\t\t<\/div>\n\t\t<\/section>\n\t\t\t\t<section class=\"elementor-section elementor-top-section elementor-element elementor-element-2d86059 elementor-section-boxed elementor-section-height-default elementor-section-height-default\" data-id=\"2d86059\" data-element_type=\"section\" data-e-type=\"section\">\n\t\t\t\t\t\t<div class=\"elementor-container elementor-column-gap-default\">\n\t\t\t\t\t<div class=\"elementor-column elementor-col-100 elementor-top-column elementor-element elementor-element-3aa88d1\" data-id=\"3aa88d1\" data-element_type=\"column\" data-e-type=\"column\">\n\t\t\t<div class=\"elementor-widget-wrap elementor-element-populated\">\n\t\t\t\t\t\t<div class=\"elementor-element elementor-element-5e81ac9 elementor-widget elementor-widget-text-editor\" data-id=\"5e81ac9\" data-element_type=\"widget\" data-e-type=\"widget\" data-widget_type=\"text-editor.default\">\n\t\t\t\t<div class=\"elementor-widget-container\">\n\t\t\t\t\t\t\t\t\t<p><strong>K\u00f6nigliche Kristalltherme Schwangau - relaxation and wellness<\/strong><\/p><p class=\"translation-block\">The <strong>K\u00f6nigliche Kristalltherme Schwangau<\/strong> offers a spacious thermal spa, sauna and wellness area in a quiet location with a view of the Allg\u00e4u Alps and the royal castles. It is ideal for relaxing hours during your stay in Schwangau - whatever the weather.<\/p><p><strong>What awaits you:<\/strong><\/p><ul><li class=\"translation-block\"><strong>Thermal and saltwater pools<\/strong> with different salt and mineral contents<\/li><li class=\"translation-block\"><strong>Indoor and outdoor pool<\/strong> with warm thermal water<\/li><li class=\"translation-block\"><strong>Diverse sauna landscape<\/strong> with themed, panoramic and outdoor saunas<\/li><li class=\"translation-block\"><strong>Vapour baths<\/strong> and inhalation offers<\/li><li class=\"translation-block\"><strong>Rest and relaxation areas<\/strong>, some with gemstone elements<\/li><li class=\"translation-block\"><strong>Outdoor facilities and sauna garden<\/strong> to switch off and relax<\/li><li class=\"translation-block\"><strong>Wellness and massage services<\/strong> (for an additional charge)<\/li><li class=\"translation-block\"><strong>Gastronomy<\/strong> with restaurant, caf\u00e9 and pool bar<\/li><\/ul><p>The Kristalltherme is particularly suitable for relaxing after a hike, cycle tour or an excursion to the sights of the region.<\/p><p class=\"translation-block\"><strong>Further information, opening times and prices:<\/strong><br><a href=\"https:\/\/kristalltherme-schwangau.de\/?utm_source=chatgpt.com\" target=\"_blank\" rel=\"noopener\">https:\/\/kristalltherme-schwangau.de\/<\/a><\/p>\t\t\t\t\t\t\t\t<\/div>\n\t\t\t\t<\/div>\n\t\t\t\t\t<\/div>\n\t\t<\/div>\n\t\t\t\t\t<\/div>\n\t\t<\/section>\n\t\t\t\t<section class=\"elementor-section elementor-top-section elementor-element elementor-element-c766d3a elementor-section-boxed elementor-section-height-default elementor-section-height-default\" data-id=\"c766d3a\" data-element_type=\"section\" data-e-type=\"section\">\n\t\t\t\t\t\t<div class=\"elementor-container elementor-column-gap-default\">\n\t\t\t\t\t<div class=\"elementor-column elementor-col-100 elementor-top-column elementor-element elementor-element-acf3e0a\" data-id=\"acf3e0a\" data-element_type=\"column\" data-e-type=\"column\">\n\t\t\t<div class=\"elementor-widget-wrap elementor-element-populated\">\n\t\t\t\t\t\t<div class=\"elementor-element elementor-element-1db459b elementor-widget elementor-widget-google_maps\" data-id=\"1db459b\" data-element_type=\"widget\" data-e-type=\"widget\" data-widget_type=\"google_maps.default\">\n\t\t\t\t<div class=\"elementor-widget-container\">\n\t\t\t\t\t\t\t<div class=\"elementor-custom-embed\">\n\t\t\t<iframe loading=\"lazy\"\n\t\t\t\t\tsrc=\"https:\/\/maps.google.com\/maps?q=K%C3%B6nigliche%20Kristalltherme%20Schwangau&#038;t=m&#038;z=14&#038;output=embed&#038;iwloc=near\"\n\t\t\t\t\ttitle=\"Royal Crystal Spa Schwangau\"\n\t\t\t\t\taria-label=\"Royal Crystal Spa Schwangau\"\n\t\t\t><\/iframe>\n\t\t<\/div>\n\t\t\t\t\t\t<\/div>\n\t\t\t\t<\/div>\n\t\t\t\t\t<\/div>\n\t\t<\/div>\n\t\t\t\t\t<\/div>\n\t\t<\/section>\n\t\t\t\t<\/div>","protected":false},"excerpt":{"rendered":"<p>Therme K\u00f6nigliche Kristalltherme Schwangau \u2013 Entspannung und Wellness K\u00f6nigliche Kristalltherme Schwangau \u2013 Entspannung und Wellness Die K\u00f6nigliche Kristalltherme Schwangau bietet eine gro\u00dfz\u00fcgige Thermen-, Sauna- und Wellnesslandschaft in ruhiger Lage mit Blick auf die Allg\u00e4uer Alpen und die K\u00f6nigsschl\u00f6sser. Sie ist ideal f\u00fcr entspannte Stunden w\u00e4hrend Ihres Aufenthalts in Schwangau \u2013 bei jedem Wetter. Das erwartet [&hellip;]<\/p>\n","protected":false},"author":2,"featured_media":0,"parent":0,"menu_order":0,"comment_status":"closed","ping_status":"closed","template":"","meta":{"site-sidebar-layout":"no-sidebar","site-content-layout":"page-builder","ast-site-content-layout":"full-width-container","site-content-style":"default","site-sidebar-style":"default","ast-global-header-display":"","ast-banner-title-visibility":"","ast-main-header-display":"","ast-hfb-above-header-display":"","ast-hfb-below-header-display":"","ast-hfb-mobile-header-display":"","site-post-title":"disabled","ast-breadcrumbs-content":"","ast-featured-img":"disabled","footer-sml-layout":"","ast-disable-related-posts":"","theme-transparent-header-meta":"","adv-header-id-meta":"","stick-header-meta":"","header-above-stick-meta":"","header-main-stick-meta":"","header-below-stick-meta":"","astra-migrate-meta-layouts":"set","ast-page-background-enabled":"default","ast-page-background-meta":{"desktop":{"background-color":"var(--ast-global-color-4)","background-image":"","background-repeat":"repeat","background-position":"center center","background-size":"auto","background-attachment":"scroll","background-type":"","background-media":"","overlay-type":"","overlay-color":"","overlay-opacity":"","overlay-gradient":""},"tablet":{"background-color":"","background-image":"","background-repeat":"repeat","background-position":"center center","background-size":"auto","background-attachment":"scroll","background-type":"","background-media":"","overlay-type":"","overlay-color":"","overlay-opacity":"","overlay-gradient":""},"mobile":{"background-color":"","background-image":"","background-repeat":"repeat","background-position":"center center","background-size":"auto","background-attachment":"scroll","background-type":"","background-media":"","overlay-type":"","overlay-color":"","overlay-opacity":"","overlay-gradient":""}},"ast-content-background-meta":{"desktop":{"background-color":"var(--ast-global-color-5)","background-image":"","background-repeat":"repeat","background-position":"center center","background-size":"auto","background-attachment":"scroll","background-type":"","background-media":"","overlay-type":"","overlay-color":"","overlay-opacity":"","overlay-gradient":""},"tablet":{"background-color":"var(--ast-global-color-5)","background-image":"","background-repeat":"repeat","background-position":"center center","background-size":"auto","background-attachment":"scroll","background-type":"","background-media":"","overlay-type":"","overlay-color":"","overlay-opacity":"","overlay-gradient":""},"mobile":{"background-color":"var(--ast-global-color-5)","background-image":"","background-repeat":"repeat","background-position":"center center","background-size":"auto","background-attachment":"scroll","background-type":"","background-media":"","overlay-type":"","overlay-color":"","overlay-opacity":"","overlay-gradient":""}},"_jet_sm_ready_style":"","_jet_sm_style":"","_jet_sm_controls_values":"","_jet_sm_fonts_collection":"","_jet_sm_fonts_links":"","footnotes":""},"class_list":["post-12571","page","type-page","status-publish","hentry"],"_links":{"self":[{"href":"https:\/\/beimblitz.gaeste-mappe.de\/en\/wp-json\/wp\/v2\/pages\/12571","targetHints":{"allow":["GET"]}}],"collection":[{"href":"https:\/\/beimblitz.gaeste-mappe.de\/en\/wp-json\/wp\/v2\/pages"}],"about":[{"href":"https:\/\/beimblitz.gaeste-mappe.de\/en\/wp-json\/wp\/v2\/types\/page"}],"author":[{"embeddable":true,"href":"https:\/\/beimblitz.gaeste-mappe.de\/en\/wp-json\/wp\/v2\/users\/2"}],"replies":[{"embeddable":true,"href":"https:\/\/beimblitz.gaeste-mappe.de\/en\/wp-json\/wp\/v2\/comments?post=12571"}],"version-history":[{"count":12,"href":"https:\/\/beimblitz.gaeste-mappe.de\/en\/wp-json\/wp\/v2\/pages\/12571\/revisions"}],"predecessor-version":[{"id":14875,"href":"https:\/\/beimblitz.gaeste-mappe.de\/en\/wp-json\/wp\/v2\/pages\/12571\/revisions\/14875"}],"wp:attachment":[{"href":"https:\/\/beimblitz.gaeste-mappe.de\/en\/wp-json\/wp\/v2\/media?parent=12571"}],"curies":[{"name":"wp","href":"https:\/\/api.w.org\/{rel}","templated":true}]}}