{"id":12554,"date":"2024-10-27T12:05:03","date_gmt":"2024-10-27T12:05:03","guid":{"rendered":"https:\/\/pfefferundsalz.gaeste-mappe.de\/?page_id=12554"},"modified":"2026-04-08T17:24:28","modified_gmt":"2026-04-08T17:24:28","slug":"guest-card","status":"publish","type":"page","link":"https:\/\/beimblitz.gaeste-mappe.de\/en\/gaestekarte\/","title":{"rendered":"Guest card"},"content":{"rendered":"<div data-elementor-type=\"wp-page\" data-elementor-id=\"12554\" class=\"elementor elementor-12554\" data-elementor-post-type=\"page\">\n\t\t\t\t\t\t<section class=\"elementor-section elementor-top-section elementor-element elementor-element-92c5896 elementor-section-boxed elementor-section-height-default elementor-section-height-default\" data-id=\"92c5896\" data-element_type=\"section\" data-e-type=\"section\" data-settings=\"{&quot;background_background&quot;:&quot;classic&quot;}\">\n\t\t\t\t\t\t<div class=\"elementor-container elementor-column-gap-default\">\n\t\t\t\t\t<div class=\"elementor-column elementor-col-100 elementor-top-column elementor-element elementor-element-58eccd5\" data-id=\"58eccd5\" data-element_type=\"column\" data-e-type=\"column\">\n\t\t\t<div class=\"elementor-widget-wrap elementor-element-populated\">\n\t\t\t\t\t\t<div class=\"elementor-element elementor-element-3d887154 kopf elementor-icon-list--layout-traditional elementor-list-item-link-full_width elementor-widget elementor-widget-icon-list\" data-id=\"3d887154\" data-element_type=\"widget\" data-e-type=\"widget\" data-widget_type=\"icon-list.default\">\n\t\t\t\t<div class=\"elementor-widget-container\">\n\t\t\t\t\t\t\t<ul class=\"elementor-icon-list-items\">\n\t\t\t\t\t\t\t<li class=\"elementor-icon-list-item\">\n\t\t\t\t\t\t\t\t\t\t\t<span class=\"elementor-icon-list-icon\">\n\t\t\t\t\t\t\t<i aria-hidden=\"true\" class=\"fas fa-id-card\"><\/i>\t\t\t\t\t\t<\/span>\n\t\t\t\t\t\t\t\t\t\t<span class=\"elementor-icon-list-text\">Guest card<\/span>\n\t\t\t\t\t\t\t\t\t<\/li>\n\t\t\t\t\t\t<\/ul>\n\t\t\t\t\t\t<\/div>\n\t\t\t\t<\/div>\n\t\t\t\t\t<\/div>\n\t\t<\/div>\n\t\t\t\t\t<\/div>\n\t\t<\/section>\n\t\t\t\t<section class=\"elementor-section elementor-top-section elementor-element elementor-element-1141e3a2 elementor-section-boxed elementor-section-height-default elementor-section-height-default\" data-id=\"1141e3a2\" data-element_type=\"section\" data-e-type=\"section\">\n\t\t\t\t\t\t<div class=\"elementor-container elementor-column-gap-default\">\n\t\t\t\t\t<div class=\"elementor-column elementor-col-100 elementor-top-column elementor-element elementor-element-1bd743ec\" data-id=\"1bd743ec\" data-element_type=\"column\" data-e-type=\"column\">\n\t\t\t<div class=\"elementor-widget-wrap elementor-element-populated\">\n\t\t\t\t\t\t<div class=\"elementor-element elementor-element-37863790 elementor-icon-list--layout-traditional elementor-list-item-link-full_width elementor-widget elementor-widget-icon-list\" data-id=\"37863790\" data-element_type=\"widget\" data-e-type=\"widget\" data-widget_type=\"icon-list.default\">\n\t\t\t\t<div class=\"elementor-widget-container\">\n\t\t\t\t\t\t\t<ul class=\"elementor-icon-list-items\">\n\t\t\t\t\t\t\t<li class=\"elementor-icon-list-item\">\n\t\t\t\t\t\t\t\t\t\t\t<span class=\"elementor-icon-list-icon\">\n\t\t\t\t\t\t\t<i aria-hidden=\"true\" class=\"fas fa-euro-sign\"><\/i>\t\t\t\t\t\t<\/span>\n\t\t\t\t\t\t\t\t\t\t<span class=\"elementor-icon-list-text\">Schwangau Guest Card - Experience more, pay less<\/span>\n\t\t\t\t\t\t\t\t\t<\/li>\n\t\t\t\t\t\t<\/ul>\n\t\t\t\t\t\t<\/div>\n\t\t\t\t<\/div>\n\t\t\t\t\t<\/div>\n\t\t<\/div>\n\t\t\t\t\t<\/div>\n\t\t<\/section>\n\t\t\t\t<section class=\"elementor-section elementor-top-section elementor-element elementor-element-1166453e elementor-section-boxed elementor-section-height-default elementor-section-height-default\" data-id=\"1166453e\" data-element_type=\"section\" data-e-type=\"section\">\n\t\t\t\t\t\t<div class=\"elementor-container elementor-column-gap-default\">\n\t\t\t\t\t<div class=\"elementor-column elementor-col-50 elementor-top-column elementor-element elementor-element-7aa2c04e\" data-id=\"7aa2c04e\" data-element_type=\"column\" data-e-type=\"column\">\n\t\t\t<div class=\"elementor-widget-wrap elementor-element-populated\">\n\t\t\t\t\t\t<div class=\"elementor-element elementor-element-9c5f363 elementor-widget elementor-widget-image\" data-id=\"9c5f363\" data-element_type=\"widget\" data-e-type=\"widget\" data-widget_type=\"image.default\">\n\t\t\t\t<div class=\"elementor-widget-container\">\n\t\t\t\t\t\t\t\t\t\t\t\t\t\t\t<img fetchpriority=\"high\" decoding=\"async\" width=\"591\" height=\"369\" src=\"https:\/\/beimblitz.gaeste-mappe.de\/wp-content\/uploads\/2025\/12\/schwangau-gaestecard.jpg\" class=\"attachment-large size-large wp-image-14857\" alt=\"\" srcset=\"https:\/\/beimblitz.gaeste-mappe.de\/wp-content\/uploads\/2025\/12\/schwangau-gaestecard.jpg 591w, https:\/\/beimblitz.gaeste-mappe.de\/wp-content\/uploads\/2025\/12\/schwangau-gaestecard-300x187.jpg 300w, https:\/\/beimblitz.gaeste-mappe.de\/wp-content\/uploads\/2025\/12\/schwangau-gaestecard-18x12.jpg 18w\" sizes=\"(max-width: 591px) 100vw, 591px\" \/>\t\t\t\t\t\t\t\t\t\t\t\t\t\t\t<\/div>\n\t\t\t\t<\/div>\n\t\t\t\t\t<\/div>\n\t\t<\/div>\n\t\t\t\t<div class=\"elementor-column elementor-col-50 elementor-top-column elementor-element elementor-element-7a90fe0\" data-id=\"7a90fe0\" data-element_type=\"column\" data-e-type=\"column\">\n\t\t\t<div class=\"elementor-widget-wrap elementor-element-populated\">\n\t\t\t\t\t\t<div class=\"elementor-element elementor-element-465d8e3 elementor-widget elementor-widget-text-editor\" data-id=\"465d8e3\" data-element_type=\"widget\" data-e-type=\"widget\" data-widget_type=\"text-editor.default\">\n\t\t\t\t<div class=\"elementor-widget-container\">\n\t\t\t\t\t\t\t\t\t<p class=\"translation-block\">With the <strong>guest card of the municipality of Schwangau<\/strong> you can enjoy numerous benefits and discounts during your stay. You will receive the guest card automatically after registration and payment of the visitor's tax - conveniently digitally by email.<\/p><p class=\"translation-block\">You will find the link for registration in the section <a href=\"https:\/\/beimblitz.gaeste-mappe.de\/en\/check-in-out\/\" target=\"_self\">\u201eCheck-in \/ out\u201c<\/a><\/p><p><strong>Your advantages at a glance:<\/strong><\/p><ul><li class=\"translation-block\"><strong>Free use of regional bus routes<\/strong> (e.g. to F\u00fcssen and the surrounding area)<\/li><li class=\"translation-block\"><strong>Discounts<\/strong> on mountain railways, swimming pools, museums and leisure facilities<\/li><li class=\"translation-block\"><strong>Discounted or free participation<\/strong> in guided hikes and events<\/li><li class=\"translation-block\"><strong>Attractive discounts<\/strong> at many partner businesses in the region<\/li><\/ul><p class=\"translation-block\">The guest card helps you to discover Schwangau and the Allg\u00e4u <strong>flexibly, sustainably and cost-effectively<\/strong>.<\/p><p><strong>Further information:<\/strong><\/p><p><a href=\"https:\/\/www.schwangau.de\/gaestekarte\" target=\"_blank\" rel=\"noopener\">Guest card Schwangau<\/a><\/p>\t\t\t\t\t\t\t\t<\/div>\n\t\t\t\t<\/div>\n\t\t\t\t\t<\/div>\n\t\t<\/div>\n\t\t\t\t\t<\/div>\n\t\t<\/section>\n\t\t\t\t<\/div>","protected":false},"excerpt":{"rendered":"<p>G\u00e4stekarte G\u00e4stekarte Schwangau \u2013 Mehr erleben, weniger bezahlen Mit der G\u00e4stekarte der Gemeinde Schwangau genie\u00dfen Sie w\u00e4hrend Ihres Aufenthalts zahlreiche Vorteile und Verg\u00fcnstigungen. Sie erhalten die G\u00e4stekarte automatisch nach Anmeldung und Zahlung der Kurtaxe \u2013 bequem digital per E-Mail. Den Link zur Anmeldung finden Sie in der Rubrik \u201eCheck-in \/ out\u201c Ihre Vorteile auf einen [&hellip;]<\/p>\n","protected":false},"author":2,"featured_media":0,"parent":0,"menu_order":0,"comment_status":"closed","ping_status":"closed","template":"","meta":{"site-sidebar-layout":"no-sidebar","site-content-layout":"page-builder","ast-site-content-layout":"full-width-container","site-content-style":"default","site-sidebar-style":"default","ast-global-header-display":"","ast-banner-title-visibility":"","ast-main-header-display":"","ast-hfb-above-header-display":"","ast-hfb-below-header-display":"","ast-hfb-mobile-header-display":"","site-post-title":"disabled","ast-breadcrumbs-content":"","ast-featured-img":"disabled","footer-sml-layout":"","ast-disable-related-posts":"","theme-transparent-header-meta":"","adv-header-id-meta":"","stick-header-meta":"","header-above-stick-meta":"","header-main-stick-meta":"","header-below-stick-meta":"","astra-migrate-meta-layouts":"set","ast-page-background-enabled":"default","ast-page-background-meta":{"desktop":{"background-color":"var(--ast-global-color-4)","background-image":"","background-repeat":"repeat","background-position":"center center","background-size":"auto","background-attachment":"scroll","background-type":"","background-media":"","overlay-type":"","overlay-color":"","overlay-opacity":"","overlay-gradient":""},"tablet":{"background-color":"","background-image":"","background-repeat":"repeat","background-position":"center center","background-size":"auto","background-attachment":"scroll","background-type":"","background-media":"","overlay-type":"","overlay-color":"","overlay-opacity":"","overlay-gradient":""},"mobile":{"background-color":"","background-image":"","background-repeat":"repeat","background-position":"center center","background-size":"auto","background-attachment":"scroll","background-type":"","background-media":"","overlay-type":"","overlay-color":"","overlay-opacity":"","overlay-gradient":""}},"ast-content-background-meta":{"desktop":{"background-color":"var(--ast-global-color-5)","background-image":"","background-repeat":"repeat","background-position":"center center","background-size":"auto","background-attachment":"scroll","background-type":"","background-media":"","overlay-type":"","overlay-color":"","overlay-opacity":"","overlay-gradient":""},"tablet":{"background-color":"var(--ast-global-color-5)","background-image":"","background-repeat":"repeat","background-position":"center center","background-size":"auto","background-attachment":"scroll","background-type":"","background-media":"","overlay-type":"","overlay-color":"","overlay-opacity":"","overlay-gradient":""},"mobile":{"background-color":"var(--ast-global-color-5)","background-image":"","background-repeat":"repeat","background-position":"center center","background-size":"auto","background-attachment":"scroll","background-type":"","background-media":"","overlay-type":"","overlay-color":"","overlay-opacity":"","overlay-gradient":""}},"_jet_sm_ready_style":"","_jet_sm_style":"","_jet_sm_controls_values":"","_jet_sm_fonts_collection":"","_jet_sm_fonts_links":"","footnotes":""},"class_list":["post-12554","page","type-page","status-publish","hentry"],"_links":{"self":[{"href":"https:\/\/beimblitz.gaeste-mappe.de\/en\/wp-json\/wp\/v2\/pages\/12554","targetHints":{"allow":["GET"]}}],"collection":[{"href":"https:\/\/beimblitz.gaeste-mappe.de\/en\/wp-json\/wp\/v2\/pages"}],"about":[{"href":"https:\/\/beimblitz.gaeste-mappe.de\/en\/wp-json\/wp\/v2\/types\/page"}],"author":[{"embeddable":true,"href":"https:\/\/beimblitz.gaeste-mappe.de\/en\/wp-json\/wp\/v2\/users\/2"}],"replies":[{"embeddable":true,"href":"https:\/\/beimblitz.gaeste-mappe.de\/en\/wp-json\/wp\/v2\/comments?post=12554"}],"version-history":[{"count":12,"href":"https:\/\/beimblitz.gaeste-mappe.de\/en\/wp-json\/wp\/v2\/pages\/12554\/revisions"}],"predecessor-version":[{"id":16407,"href":"https:\/\/beimblitz.gaeste-mappe.de\/en\/wp-json\/wp\/v2\/pages\/12554\/revisions\/16407"}],"wp:attachment":[{"href":"https:\/\/beimblitz.gaeste-mappe.de\/en\/wp-json\/wp\/v2\/media?parent=12554"}],"curies":[{"name":"wp","href":"https:\/\/api.w.org\/{rel}","templated":true}]}}